{"id":19636,"date":"2023-05-03T10:21:36","date_gmt":"2023-05-03T10:21:36","guid":{"rendered":"https:\/\/www.gruber-logistics.com\/?page_id=19636"},"modified":"2023-05-05T14:43:22","modified_gmt":"2023-05-05T14:43:22","slug":"91tuye3ojk","status":"publish","type":"page","link":"https:\/\/www.gruber-logistics.com\/de\/91tuye3ojk\/","title":{"rendered":"Landing DE"},"content":{"rendered":"[vc_row type=&#8220;full_width_background&#8220; full_screen_row_position=&#8220;middle&#8220; column_margin=&#8220;90px&#8220; bg_color=&#8220;#00a6a7&#8243; scene_position=&#8220;center&#8220; text_color=&#8220;light&#8220; text_align=&#8220;left&#8220; top_padding=&#8220;12%&#8220; bottom_padding=&#8220;12%&#8220; color_overlay=&#8220;#000000&#8243; overlay_strength=&#8220;0.5&#8243; shape_divider_position=&#8220;bottom&#8220; bg_image_animation=&#8220;none&#8220; shape_type=&#8220;&#8220;][vc_column column_padding=&#8220;no-extra-padding&#8220; column_padding_position=&#8220;all&#8220; background_color_opacity=&#8220;1&#8243; background_hover_color_opacity=&#8220;1&#8243; column_link_target=&#8220;_self&#8220; column_shadow=&#8220;none&#8220; column_border_radius=&#8220;none&#8220; width=&#8220;1\/1&#8243; tablet_width_inherit=&#8220;default&#8220; tablet_text_alignment=&#8220;default&#8220; phone_text_alignment=&#8220;default&#8220; overlay_strength=&#8220;0.3&#8243; column_border_width=&#8220;none&#8220; column_border_style=&#8220;solid&#8220; bg_image_animation=&#8220;none&#8220;][vc_column_text css_animation=&#8220;none&#8220; css=&#8220;.vc_custom_1683108961968{padding-top: 50px !important;padding-bottom: 50px !important;}&#8220;]\n<h1 style=\"text-align: center;\"><span data-sheets-value=\"{&quot;1&quot;:2,&quot;2&quot;:&quot;Servizio di Preparazione alla Logistica di Amazon&quot;}\" data-sheets-userformat=\"{&quot;2&quot;:4993,&quot;3&quot;:{&quot;1&quot;:0},&quot;10&quot;:2,&quot;11&quot;:4,&quot;12&quot;:0,&quot;15&quot;:&quot;arial,sans,sans-serif&quot;}\">IT Update<\/span><\/h1>\n[\/vc_column_text][\/vc_column][\/vc_row][vc_row type=&#8220;in_container&#8220; full_screen_row_position=&#8220;middle&#8220; column_margin=&#8220;default&#8220; scene_position=&#8220;center&#8220; text_color=&#8220;dark&#8220; text_align=&#8220;left&#8220; top_padding=&#8220;100&#8243; bottom_padding=&#8220;100&#8243; overlay_strength=&#8220;0.3&#8243; shape_divider_position=&#8220;bottom&#8220; bg_image_animation=&#8220;none&#8220; shape_type=&#8220;&#8220;][vc_column column_padding=&#8220;no-extra-padding&#8220; column_padding_position=&#8220;all&#8220; background_color=&#8220;#ffffff&#8220; background_color_opacity=&#8220;1&#8243; background_hover_color_opacity=&#8220;1&#8243; font_color=&#8220;#505050&#8243; column_link_target=&#8220;_self&#8220; column_shadow=&#8220;none&#8220; column_border_radius=&#8220;none&#8220; width=&#8220;1\/6&#8243; tablet_width_inherit=&#8220;default&#8220; tablet_text_alignment=&#8220;default&#8220; phone_text_alignment=&#8220;default&#8220; overlay_strength=&#8220;0.3&#8243; column_border_width=&#8220;none&#8220; column_border_style=&#8220;solid&#8220; bg_image_animation=&#8220;none&#8220;][\/vc_column][vc_column column_padding=&#8220;no-extra-padding&#8220; column_padding_position=&#8220;all&#8220; background_color_opacity=&#8220;1&#8243; background_hover_color_opacity=&#8220;1&#8243; column_link_target=&#8220;_self&#8220; column_shadow=&#8220;none&#8220; column_border_radius=&#8220;none&#8220; width=&#8220;2\/3&#8243; tablet_width_inherit=&#8220;default&#8220; tablet_text_alignment=&#8220;default&#8220; phone_text_alignment=&#8220;default&#8220; overlay_strength=&#8220;0.3&#8243; column_border_width=&#8220;none&#8220; column_border_style=&#8220;solid&#8220; bg_image_animation=&#8220;none&#8220;][vc_column_text css=&#8220;.vc_custom_1683297617573{margin-bottom: 0px !important;}&#8220;]05. Mai 2023, 16:40[\/vc_column_text][vc_custom_heading text=&#8220;Update&#8220; use_theme_fonts=&#8220;yes&#8220; css=&#8220;.vc_custom_1683297365687{margin-bottom: 20px !important;}&#8220;][vc_column_text]Liebe Kolleg:innen,<\/p>\n<p>ehe es ins Wochenende geht, hier ein kurzes Update zur Lage:<\/p>\n<ul>\n<li>Wir arbeiten wie gestern beschrieben an der Reinigung der PDF Anh\u00e4nge und an der Buchhaltungssoftware SAGE.<\/li>\n<li>Sobald wir in obigen Punkten auf einem guten Stand sind, werden wir uns um den <strong>Fileserver public-srv-daten<\/strong> k\u00fcmmern.<\/li>\n<li>Inzwischen haben wir festgestellt, dass auch <strong>Daten der polnischen UT-Niederlassung\u00a0 verschl\u00fcsselt<\/strong> wurden. Wir arbeiten nach dem schon bew\u00e4hrten Ablaufplan an der Freischaltung der Daten.<\/li>\n<\/ul>\n<p>Unser zentrales IT-Einsatzteam hat die Lage unter Kontrolle und arbeitet auf Hochdruck an der Wiederherstellung unserer Systeme. Um Eure Anfragen zum Thema IT strukturiert und effizient zu bearbeiten, bitten wir Euch, sie NICHT telefonisch zu stellen, sondern per Email an <a href=\"mailto:support@gruber-logistics.com\">support@gruber-logistics.com<\/a> zu schicken.<\/p>\n<p>&nbsp;<\/p>\n<p>Bei anderen Fragen wendet Euch bitte weiterhin an Euren Niederlassungsleiter, der dann direkt mit dem Krisenstab in Kontakt treten kann.[\/vc_column_text][divider line_type=&#8220;Full Width Line&#8220; line_thickness=&#8220;1&#8243; divider_color=&#8220;default&#8220;][vc_column_text css=&#8220;.vc_custom_1683283385540{margin-bottom: 0px !important;}&#8220;]05. Mai 2023, 13:00[\/vc_column_text][vc_custom_heading text=&#8220;Phishingversuche auf unsere mobilen Telefonnummern&#8220; use_theme_fonts=&#8220;yes&#8220; css=&#8220;.vc_custom_1683283417213{margin-bottom: 20px !important;}&#8220;][vc_column_text]Liebe Kolleg:innen,<\/p>\n<p>wir sind gerade einem vermehrten Aufkommen an Phishingversuchen auf unsere mobilen Telefonnummern ausgesetzt. Um euch und unser Unternehmen vor diesen Angriffen zu sch\u00fctzen, ist es wichtig, wachsam zu sein und diese Tipps zu befolgen:<\/p>\n<ul>\n<li>\u00dcberpr\u00fcft die E-Mail Adresse oder Telefonnummer des Absenders.<\/li>\n<li>Achtet auf dr\u00e4ngende oder drohende Formulierungen. Bei Phishing-Versuchen werden oft dr\u00e4ngende oder drohende Formulierungen verwendet, um ein Gef\u00fchl der Panik zu erzeugen und euch zum schnellen Handeln zu veranlassen.<\/li>\n<li>Klickt nicht auf verd\u00e4chtige Links und ladet keine Anh\u00e4nge von unbekannten Quellen herunter.<\/li>\n<li>Meldet verd\u00e4chtige E-Mails oder Nachrichten umgehend an <a href=\"mailto:support@gruber-logistics.com\">support@gruber-logistics.com<\/a>.<\/li>\n<\/ul>\n<p>Vielen Dank f\u00fcr Eure Unterst\u00fctzung.[\/vc_column_text][image_with_animation image_url=&#8220;19712&#8243; alignment=&#8220;center&#8220; animation=&#8220;Fade In&#8220; hover_animation=&#8220;none&#8220; border_radius=&#8220;none&#8220; box_shadow=&#8220;none&#8220; image_loading=&#8220;default&#8220; max_width=&#8220;100%&#8220; max_width_mobile=&#8220;default&#8220;][divider line_type=&#8220;Full Width Line&#8220; line_thickness=&#8220;1&#8243; divider_color=&#8220;default&#8220;][vc_column_text css=&#8220;.vc_custom_1683203651069{margin-bottom: 0px !important;}&#8220;]04. Mai 2023, 14:30[\/vc_column_text][vc_custom_heading text=&#8220;HeavyNet l\u00e4uft!&#8220; use_theme_fonts=&#8220;yes&#8220; css=&#8220;.vc_custom_1683203660860{margin-bottom: 20px !important;}&#8220;][vc_column_text]Liebe Kolleg:innen,<\/p>\n<p><strong>das HeavyNet ist wieder einsatzbereit!<\/strong> Es kann sein, dass eine Sicherungsabfrage erfolgt. Diese k\u00f6nnt Ihr akzeptieren, die Umgebung HeavyNet ist sicher. Hier die wichtigsten Punkte:<\/p>\n<p>&nbsp;<\/p>\n<ul>\n<li>Es stehen <strong>alle<\/strong> wichtigen Funktionen zur Verf\u00fcgung, aber die <strong>pdf Anh\u00e4nge<\/strong> in den Auftr\u00e4gen und anderen Stammdaten werden erst nach und nach zur Verf\u00fcgung stehen. Wir gehen davon aus, dass die zur Verf\u00fcgungstellung aller pdf mindestens noch 1-2 Wochen ben\u00f6tigen wird.<\/li>\n<li>Wir k\u00f6nnen <strong>Rechnungen<\/strong> aussenden, aber ohne Anh\u00e4nge. Das sollen\/m\u00fcssen jetzt auch alle so machen, auch auf die Gefahr hin, dass sich die Kunden im nachhinein beschweren und nachfragen.<\/li>\n<li>Da wir auf einem Interimsserver arbeiten, arbeitet das HeavyNet <strong>langsamer<\/strong> als gewohnt.<\/li>\n<li>Ab jetzt arbeiten wir an der Buchhaltungssoftware <strong>SAGE<\/strong>: Wir gehen nicht davon aus, dass wir vor Freitag Abend die Buchhaltungssoftware zur Verf\u00fcgung stellen k\u00f6nnen.<\/li>\n<li>Der <strong>Fileserver public-srv-daten<\/strong> muss hinten angestellt werden, mit diesem besch\u00e4ftigen wir uns erst nach Reinigung aller Pdf aus Heavynet und Buchhaltung.<\/li>\n<\/ul>\n<p>Bitte wendet euch bei technischen R\u00fcckfragen erst einmal an den IT-Verantwortlichen des Standortes, damit das zentrale Einsatzteam in Ruhe weiterarbeiten kann. Bei anderen Fragen wendet ihr Euch bitte an Euren Niederlassungsleiter, der dann direkt mit dem Krisenstab in Kontakt treten kann.[\/vc_column_text][divider line_type=&#8220;Full Width Line&#8220; line_thickness=&#8220;1&#8243; divider_color=&#8220;default&#8220;][vc_column_text css=&#8220;.vc_custom_1683204410769{margin-bottom: 0px !important;}&#8220;]04. Mai 2023 11:00[\/vc_column_text][vc_custom_heading text=&#8220;Wichtiger Fortschritt&#8220; use_theme_fonts=&#8220;yes&#8220; css=&#8220;.vc_custom_1683191466276{margin-bottom: 20px !important;}&#8220;][vc_column_text]Liebe Kolleg:innen,<\/p>\n<p>wir sind vorsichtig optimistisch: das HeavyNet konnte in einer ersten Testversion wieder hergestellt werden und wird zur Zeit auf seine Funktionalit\u00e4t gepr\u00fcft. Wir lassen Euch umgehend wissen, sobald\/falls wir wieder einen normalen gesicherten Gesch\u00e4ftsbetrieb aufnehmen k\u00f6nnen.[\/vc_column_text][divider line_type=&#8220;Full Width Line&#8220; line_thickness=&#8220;1&#8243; divider_color=&#8220;default&#8220;][vc_column_text css=&#8220;.vc_custom_1683191456329{margin-bottom: 0px !important;}&#8220;]03. Mai 2023[\/vc_column_text][vc_custom_heading text=&#8220;Cyber-Attacke auf Universal Transport&#8220; use_theme_fonts=&#8220;yes&#8220; css=&#8220;.vc_custom_1683109061798{margin-bottom: 20px !important;}&#8220;][vc_column_text]Liebe Kolleg:innen,<\/p>\n<p><strong>Universal Transport<\/strong> ist Opfer einer kriminellen Cyber-Attacke geworden, die aktuell massive technische St\u00f6rungen ausl\u00f6st. Leider wurden hierbei auch Daten verschl\u00fcsselt und eine Reihe von Mitarbeiter:innen sind zur Zeit nur bedingt arbeitsf\u00e4hig.<\/p>\n<p>Wir haben bereits einen Krisenstab eingerichtet, der durch externe Experten aus dem Bereich IT-Forensik und IT-Sicherheit unterst\u00fctzt wird; zudem wurden die zust\u00e4ndigen Datenschutzbeh\u00f6rden sowie die Polizei informiert.<\/p>\n<p>Bisher konnte kein relevanter Datenabfluss festgestellt werden \u2013 das Thema Datensicherheit hat f\u00fcr uns h\u00f6chste Priorit\u00e4t.<\/p>\n<p>Leider k\u00f6nnen wir aus ermittlungstechnischen Gr\u00fcnden keine weiteren Details mit Euch teilen, aber wir tun alles, um so schnell wie m\u00f6glich wieder einen normalen gesicherten Gesch\u00e4ftsbetrieb aufnehmen zu k\u00f6nnen: Konkret sind Kollegen aus der IT Abteilung Auer bereits mit 40 Laptops im Gep\u00e4ck nach Deutschland gefahren, um m\u00f6glichst vielen Mitarbeiter:innen das Arbeiten zu erm\u00f6glichen.<\/p>\n<p><strong>Wie k\u00f6nnt Ihr das Unternehmen jetzt unterst\u00fctzen und Euch selbst sch\u00fctzen?<\/strong><\/p>\n<ul>\n<li>\u00c4u\u00dfert euch auf keinen Fall unabgestimmt gegen\u00fcber Kunden, Gesch\u00e4ftspartnern oder externen Dritten. \u00dcbermittelt bitte alle Fragen an <strong>Holger Dechant<\/strong>. Wir beantworten diese dann einheitlich und verbindlich. <strong>Jedes andere Vorgehen birgt haftungsrechtliche Risiken, die wir vermeiden wollen. <\/strong><\/li>\n<\/ul>\n<ul>\n<li>Gebt vor allem keine Versprechen, Informationen, Antworten oder Anweisungen\n<ul>\n<li>bis wann die Probleme gel\u00f6st sind<\/li>\n<li>zu rechtlichen Anfragen aller Art<\/li>\n<li>zur Cyber-Attacke selbst und deren Gegenma\u00dfnahmen (Gegenstand polizeilicher Ermittlungen).<\/li>\n<\/ul>\n<\/li>\n<\/ul>\n<ul>\n<li>Bisher ist uns kein Datenabfluss bekannt. Dennoch ist es klug, <strong>alle Passw\u00f6rter privater Natur, die auf Euren Ger\u00e4ten gespeichert waren, <\/strong><strong>\u00fcber Drittger\u00e4te zu \u00e4ndern, sofern m\u00f6glich<\/strong>.<\/li>\n<li>Jetzt mehr denn je ist es wichtig, dass wir uns vor <strong>Phishingversuchen<\/strong> sch\u00fctzen: Um euch und unser Unternehmen vor diesen Angriffen zu sch\u00fctzen, ist es wichtig, wachsam zu sein und diese Tipps zu befolgen:<\/li>\n<\/ul>\n<ul>\n<li>\u00dcberpr\u00fcft die E-Mail Adresse oder Telefonnummer des Absenders.<\/li>\n<li>Achtet auf dr\u00e4ngende oder drohende Formulierungen. Bei Phishing-Versuchen werden oft dr\u00e4ngende oder drohende Formulierungen verwendet, um ein Gef\u00fchl der Panik zu erzeugen und euch zum schnellen Handeln zu veranlassen.<\/li>\n<li>Klickt nicht auf verd\u00e4chtige Links und ladet keine Anh\u00e4nge von unbekannten Quellen herunter.<\/li>\n<li>Meldet verd\u00e4chtige E-Mails oder Nachrichten umgehend an <strong>support@gruber-logistics.com<\/strong>.<\/li>\n<\/ul>\n<p>&nbsp;<\/p>\n<p>Vielen Dank f\u00fcr Eure Unterst\u00fctzung.[\/vc_column_text][divider line_type=&#8220;No Line&#8220;][divider line_type=&#8220;Full Width Line&#8220; line_thickness=&#8220;1&#8243; divider_color=&#8220;default&#8220;][divider line_type=&#8220;No Line&#8220;][vc_custom_heading text=&#8220;FAQs&#8220; use_theme_fonts=&#8220;yes&#8220; css=&#8220;.vc_custom_1683109098430{margin-bottom: 20px !important;}&#8220;][vc_column_text]Hier die Antworten auf die wichtigsten Fragen im \u00dcberblick:<\/p>\n<p>&nbsp;<\/p>\n<p><strong>K\u00f6nnen wir derzeit Auftr\u00e4ge annehmen\/abarbeiten?<\/strong><\/p>\n<p>Ein Teil unserer Kollegen von Universal Transport kann derzeit keine Auftr\u00e4ge annehmen. Wir arbeiten daran, den Gesch\u00e4ftsbetrieb so schnell wie m\u00f6glich wieder herzustellen.<\/p>\n<p><strong>Wann stehen die IT-Systeme wieder zur Verf\u00fcgung?<\/strong><\/p>\n<p>Aktuell arbeitet ein Team von IT-Experten unter Hochdruck daran, unsere IT wieder zum Laufen zu bringen. Aufgrund der Komplexit\u00e4t des Cyber-Angriffs k\u00f6nnen wir derzeit allerdings noch nicht sagen, wann das sein wird. Unser Ziel ist es, den Schaden am Ende m\u00f6glichst gering zu halten.<\/p>\n<p><strong>Was machen wir w\u00e4hrenddessen?<\/strong><\/p>\n<p>Wir versuchen weiterhin M\u00f6glichkeiten (Mail, Telefonie, etc.) einzurichten, damit grundlegende T\u00e4tigkeiten durchgef\u00fchrt werden k\u00f6nnen. <strong>Die Niederlassungen von Z\u00fcst und Bachmeier sowie Gruber Logistics arbeiten nach wie vor ungest\u00f6rt und k\u00f6nnen die Kollegen unterst\u00fctzen.<\/strong><\/p>\n<p><strong>Wer ist alles betroffen, alle Kunden oder nur vereinzelte?<\/strong><\/p>\n<p>Betroffen ist das HeavyNet. Was geht, muss jeweils individuell gekl\u00e4rt werden.<\/p>\n<p><strong>Sind unsere Daten und die unserer Kunden sicher?<\/strong><\/p>\n<p>Nach aktuellem Kenntnisstand sind die Daten sicher. Wir arbeiten eng mit den zust\u00e4ndigen Beh\u00f6rden zusammen.<\/p>\n<p><strong>Was ist mit dem Backup?<\/strong><\/p>\n<p>Datenbackups sind vorhanden. Wir pr\u00fcfen aktuell, inwiefern die Backups genutzt werden k\u00f6nnen.<\/p>\n<p><strong>Wer ist mein Ansprechpartner in der Gesch\u00e4ftsleitung?<\/strong><\/p>\n<p>Verantwortlicher Ansprechpartner in der Gesch\u00e4ftsleitung ist<strong> Markus Frost.<\/strong>[\/vc_column_text][\/vc_column][vc_column column_padding=&#8220;no-extra-padding&#8220; column_padding_position=&#8220;all&#8220; background_color_opacity=&#8220;1&#8243; background_hover_color_opacity=&#8220;1&#8243; column_link_target=&#8220;_self&#8220; column_shadow=&#8220;none&#8220; column_border_radius=&#8220;none&#8220; width=&#8220;1\/6&#8243; tablet_width_inherit=&#8220;default&#8220; tablet_text_alignment=&#8220;default&#8220; phone_text_alignment=&#8220;default&#8220; overlay_strength=&#8220;0.3&#8243; column_border_width=&#8220;none&#8220; column_border_style=&#8220;solid&#8220; bg_image_animation=&#8220;none&#8220;][\/vc_column][\/vc_row]\n","protected":false},"excerpt":{"rendered":"<p>[vc_row type=&#8220;full_width_background&#8220; full_screen_row_position=&#8220;middle&#8220; column_margin=&#8220;90px&#8220; bg_color=&#8220;#00a6a7&#8243; scene_position=&#8220;center&#8220; text_color=&#8220;light&#8220; text_align=&#8220;left&#8220; top_padding=&#8220;12%&#8220; bottom_padding=&#8220;12%&#8220; color_overlay=&#8220;#000000&#8243; overlay_strength=&#8220;0.5&#8243; shape_divider_position=&#8220;bottom&#8220; bg_image_animation=&#8220;none&#8220; shape_type=&#8220;&#8220;][vc_column column_padding=&#8220;no-extra-padding&#8220; column_padding_position=&#8220;all&#8220; background_color_opacity=&#8220;1&#8243; background_hover_color_opacity=&#8220;1&#8243; column_link_target=&#8220;_self&#8220; column_shadow=&#8220;none&#8220; column_border_radius=&#8220;none&#8220; width=&#8220;1\/1&#8243; tablet_width_inherit=&#8220;default&#8220; tablet_text_alignment=&#8220;default&#8220;&#8230;<\/p>\n","protected":false},"author":7,"featured_media":0,"parent":0,"menu_order":0,"comment_status":"closed","ping_status":"closed","template":"","meta":{"footnotes":""},"class_list":["post-19636","page","type-page","status-publish"],"yoast_head":"<!-- This site is optimized with the Yoast SEO plugin v24.6 - https:\/\/yoast.com\/wordpress\/plugins\/seo\/ -->\n<title>Landing DE - GRUBER Logistics S.p.A.<\/title>\n<meta name=\"description\" content=\"Landing DE - GRUBER Logistics S.p.A.\" \/>\n<meta name=\"robots\" content=\"noindex, nofollow\" \/>\n<meta property=\"og:locale\" content=\"de_DE\" \/>\n<meta property=\"og:type\" content=\"article\" \/>\n<meta property=\"og:title\" content=\"Landing DE - GRUBER Logistics S.p.A.\" \/>\n<meta property=\"og:description\" content=\"Landing DE - GRUBER Logistics S.p.A.\" \/>\n<meta property=\"og:url\" content=\"https:\/\/www.gruber-logistics.com\/de\/91tuye3ojk\/\" \/>\n<meta property=\"og:site_name\" content=\"GRUBER Logistics S.p.A.\" \/>\n<meta property=\"article:publisher\" content=\"https:\/\/it-it.facebook.com\/gruberlogistics\/\" \/>\n<meta property=\"article:modified_time\" content=\"2023-05-05T14:43:22+00:00\" \/>\n<meta property=\"og:image\" content=\"https:\/\/www.gruber-logistics.com\/wp-content\/uploads\/2025\/02\/GRUBER_Logistics.jpg\" \/>\n\t<meta property=\"og:image:width\" content=\"1920\" \/>\n\t<meta property=\"og:image:height\" content=\"1357\" \/>\n\t<meta property=\"og:image:type\" content=\"image\/jpeg\" \/>\n<meta name=\"twitter:card\" content=\"summary_large_image\" \/>\n<meta name=\"twitter:site\" content=\"@GruberLogistics\" \/>\n<meta name=\"twitter:label1\" content=\"Gesch\u00e4tzte Lesezeit\" \/>\n\t<meta name=\"twitter:data1\" content=\"9\u00a0Minuten\" \/>\n<script type=\"application\/ld+json\" class=\"yoast-schema-graph\">{\"@context\":\"https:\/\/schema.org\",\"@graph\":[{\"@type\":\"WebPage\",\"@id\":\"https:\/\/www.gruber-logistics.com\/de\/91tuye3ojk\/\",\"url\":\"https:\/\/www.gruber-logistics.com\/de\/91tuye3ojk\/\",\"name\":\"Landing DE - GRUBER Logistics S.p.A.\",\"isPartOf\":{\"@id\":\"https:\/\/www.gruber-logistics.com\/de\/#website\"},\"datePublished\":\"2023-05-03T10:21:36+00:00\",\"dateModified\":\"2023-05-05T14:43:22+00:00\",\"description\":\"Landing DE - GRUBER Logistics S.p.A.\",\"breadcrumb\":{\"@id\":\"https:\/\/www.gruber-logistics.com\/de\/91tuye3ojk\/#breadcrumb\"},\"inLanguage\":\"de\",\"potentialAction\":[{\"@type\":\"ReadAction\",\"target\":[\"https:\/\/www.gruber-logistics.com\/de\/91tuye3ojk\/\"]}]},{\"@type\":\"BreadcrumbList\",\"@id\":\"https:\/\/www.gruber-logistics.com\/de\/91tuye3ojk\/#breadcrumb\",\"itemListElement\":[{\"@type\":\"ListItem\",\"position\":1,\"name\":\"Home\",\"item\":\"https:\/\/www.gruber-logistics.com\/de\/\"},{\"@type\":\"ListItem\",\"position\":2,\"name\":\"Landing DE\"}]},{\"@type\":\"WebSite\",\"@id\":\"https:\/\/www.gruber-logistics.com\/de\/#website\",\"url\":\"https:\/\/www.gruber-logistics.com\/de\/\",\"name\":\"GRUBER Logistics S.p.A.\",\"description\":\"Transportunternehmen\",\"publisher\":{\"@id\":\"https:\/\/www.gruber-logistics.com\/de\/#organization\"},\"potentialAction\":[{\"@type\":\"SearchAction\",\"target\":{\"@type\":\"EntryPoint\",\"urlTemplate\":\"https:\/\/www.gruber-logistics.com\/de\/?s={search_term_string}\"},\"query-input\":{\"@type\":\"PropertyValueSpecification\",\"valueRequired\":true,\"valueName\":\"search_term_string\"}}],\"inLanguage\":\"de\"},{\"@type\":\"Organization\",\"@id\":\"https:\/\/www.gruber-logistics.com\/de\/#organization\",\"name\":\"GRUBER Logistics S.p.A.\",\"url\":\"https:\/\/www.gruber-logistics.com\/de\/\",\"logo\":{\"@type\":\"ImageObject\",\"inLanguage\":\"de\",\"@id\":\"https:\/\/www.gruber-logistics.com\/de\/#\/schema\/logo\/image\/\",\"url\":\"https:\/\/www.gruber-logistics.com\/wp-content\/uploads\/2018\/11\/Gruber-logistics-logo-color.png\",\"contentUrl\":\"https:\/\/www.gruber-logistics.com\/wp-content\/uploads\/2018\/11\/Gruber-logistics-logo-color.png\",\"width\":324,\"height\":100,\"caption\":\"GRUBER Logistics S.p.A.\"},\"image\":{\"@id\":\"https:\/\/www.gruber-logistics.com\/de\/#\/schema\/logo\/image\/\"},\"sameAs\":[\"https:\/\/it-it.facebook.com\/gruberlogistics\/\",\"https:\/\/x.com\/GruberLogistics\",\"https:\/\/www.instagram.com\/gruberlogistics\/\",\"https:\/\/it.linkedin.com\/company\/gruber-logistics\",\"https:\/\/www.youtube.com\/channel\/UCdq3OH0UblNUnUETLsSxLog\"]}]}<\/script>\n<!-- \/ Yoast SEO plugin. -->","yoast_head_json":{"title":"Landing DE - GRUBER Logistics S.p.A.","description":"Landing DE - GRUBER Logistics S.p.A.","robots":{"index":"noindex","follow":"nofollow"},"og_locale":"de_DE","og_type":"article","og_title":"Landing DE - GRUBER Logistics S.p.A.","og_description":"Landing DE - GRUBER Logistics S.p.A.","og_url":"https:\/\/www.gruber-logistics.com\/de\/91tuye3ojk\/","og_site_name":"GRUBER Logistics S.p.A.","article_publisher":"https:\/\/it-it.facebook.com\/gruberlogistics\/","article_modified_time":"2023-05-05T14:43:22+00:00","og_image":[{"width":1920,"height":1357,"url":"https:\/\/www.gruber-logistics.com\/wp-content\/uploads\/2025\/02\/GRUBER_Logistics.jpg","type":"image\/jpeg"}],"twitter_card":"summary_large_image","twitter_site":"@GruberLogistics","twitter_misc":{"Gesch\u00e4tzte Lesezeit":"9\u00a0Minuten"},"schema":{"@context":"https:\/\/schema.org","@graph":[{"@type":"WebPage","@id":"https:\/\/www.gruber-logistics.com\/de\/91tuye3ojk\/","url":"https:\/\/www.gruber-logistics.com\/de\/91tuye3ojk\/","name":"Landing DE - GRUBER Logistics S.p.A.","isPartOf":{"@id":"https:\/\/www.gruber-logistics.com\/de\/#website"},"datePublished":"2023-05-03T10:21:36+00:00","dateModified":"2023-05-05T14:43:22+00:00","description":"Landing DE - GRUBER Logistics S.p.A.","breadcrumb":{"@id":"https:\/\/www.gruber-logistics.com\/de\/91tuye3ojk\/#breadcrumb"},"inLanguage":"de","potentialAction":[{"@type":"ReadAction","target":["https:\/\/www.gruber-logistics.com\/de\/91tuye3ojk\/"]}]},{"@type":"BreadcrumbList","@id":"https:\/\/www.gruber-logistics.com\/de\/91tuye3ojk\/#breadcrumb","itemListElement":[{"@type":"ListItem","position":1,"name":"Home","item":"https:\/\/www.gruber-logistics.com\/de\/"},{"@type":"ListItem","position":2,"name":"Landing DE"}]},{"@type":"WebSite","@id":"https:\/\/www.gruber-logistics.com\/de\/#website","url":"https:\/\/www.gruber-logistics.com\/de\/","name":"GRUBER Logistics S.p.A.","description":"Transportunternehmen","publisher":{"@id":"https:\/\/www.gruber-logistics.com\/de\/#organization"},"potentialAction":[{"@type":"SearchAction","target":{"@type":"EntryPoint","urlTemplate":"https:\/\/www.gruber-logistics.com\/de\/?s={search_term_string}"},"query-input":{"@type":"PropertyValueSpecification","valueRequired":true,"valueName":"search_term_string"}}],"inLanguage":"de"},{"@type":"Organization","@id":"https:\/\/www.gruber-logistics.com\/de\/#organization","name":"GRUBER Logistics S.p.A.","url":"https:\/\/www.gruber-logistics.com\/de\/","logo":{"@type":"ImageObject","inLanguage":"de","@id":"https:\/\/www.gruber-logistics.com\/de\/#\/schema\/logo\/image\/","url":"https:\/\/www.gruber-logistics.com\/wp-content\/uploads\/2018\/11\/Gruber-logistics-logo-color.png","contentUrl":"https:\/\/www.gruber-logistics.com\/wp-content\/uploads\/2018\/11\/Gruber-logistics-logo-color.png","width":324,"height":100,"caption":"GRUBER Logistics S.p.A."},"image":{"@id":"https:\/\/www.gruber-logistics.com\/de\/#\/schema\/logo\/image\/"},"sameAs":["https:\/\/it-it.facebook.com\/gruberlogistics\/","https:\/\/x.com\/GruberLogistics","https:\/\/www.instagram.com\/gruberlogistics\/","https:\/\/it.linkedin.com\/company\/gruber-logistics","https:\/\/www.youtube.com\/channel\/UCdq3OH0UblNUnUETLsSxLog"]}]}},"_links":{"self":[{"href":"https:\/\/www.gruber-logistics.com\/de\/wp-json\/wp\/v2\/pages\/19636","targetHints":{"allow":["GET"]}}],"collection":[{"href":"https:\/\/www.gruber-logistics.com\/de\/wp-json\/wp\/v2\/pages"}],"about":[{"href":"https:\/\/www.gruber-logistics.com\/de\/wp-json\/wp\/v2\/types\/page"}],"author":[{"embeddable":true,"href":"https:\/\/www.gruber-logistics.com\/de\/wp-json\/wp\/v2\/users\/7"}],"replies":[{"embeddable":true,"href":"https:\/\/www.gruber-logistics.com\/de\/wp-json\/wp\/v2\/comments?post=19636"}],"version-history":[{"count":15,"href":"https:\/\/www.gruber-logistics.com\/de\/wp-json\/wp\/v2\/pages\/19636\/revisions"}],"predecessor-version":[{"id":19728,"href":"https:\/\/www.gruber-logistics.com\/de\/wp-json\/wp\/v2\/pages\/19636\/revisions\/19728"}],"wp:attachment":[{"href":"https:\/\/www.gruber-logistics.com\/de\/wp-json\/wp\/v2\/media?parent=19636"}],"curies":[{"name":"wp","href":"https:\/\/api.w.org\/{rel}","templated":true}]}}