{"id":25355,"date":"2024-07-15T14:41:58","date_gmt":"2024-07-15T14:41:58","guid":{"rendered":"https:\/\/www.gruber-logistics.com\/?page_id=25355"},"modified":"2025-03-28T09:59:38","modified_gmt":"2025-03-28T09:59:38","slug":"gruber-logistics-millerntor-event","status":"publish","type":"page","link":"https:\/\/www.gruber-logistics.com\/de\/gruber-logistics-millerntor-event\/","title":{"rendered":"Gruber Logistics Millerntor Event"},"content":{"rendered":"[vc_row type=&#8220;full_width_background&#8220; full_screen_row_position=&#8220;middle&#8220; column_margin=&#8220;default&#8220; bg_image=&#8220;25359&#8243; background_image_mobile_hidden=&#8220;true&#8220; bg_position=&#8220;center center&#8220; bg_repeat=&#8220;no-repeat&#8220; bg_color=&#8220;#00a6a7&#8243; scene_position=&#8220;center&#8220; text_color=&#8220;dark&#8220; text_align=&#8220;left&#8220; top_padding=&#8220;150&#8243; bottom_padding=&#8220;450&#8243; color_overlay=&#8220;#a8a99e&#8220; overlay_strength=&#8220;0.3&#8243; shape_divider_position=&#8220;bottom&#8220; bg_image_animation=&#8220;none&#8220; shape_type=&#8220;&#8220;][vc_column centered_text=&#8220;true&#8220; column_padding=&#8220;no-extra-padding&#8220; column_padding_position=&#8220;all&#8220; background_color_opacity=&#8220;1&#8243; background_hover_color_opacity=&#8220;1&#8243; column_link_target=&#8220;_self&#8220; column_shadow=&#8220;none&#8220; column_border_radius=&#8220;none&#8220; width=&#8220;1\/1&#8243; tablet_width_inherit=&#8220;default&#8220; tablet_text_alignment=&#8220;default&#8220; phone_text_alignment=&#8220;default&#8220; overlay_strength=&#8220;0.3&#8243; column_border_width=&#8220;none&#8220; column_border_style=&#8220;solid&#8220; bg_image_animation=&#8220;none&#8220;][vc_custom_heading text=&#8220;Gruber Logistics Event im Millerntorstadion zur WindEnergy am 25. September&#8220; font_container=&#8220;tag:h1|text_align:center|color:%23ffffff&#8220; use_theme_fonts=&#8220;yes&#8220;][\/vc_column][\/vc_row][vc_row type=&#8220;in_container&#8220; full_screen_row_position=&#8220;middle&#8220; column_margin=&#8220;default&#8220; scene_position=&#8220;center&#8220; text_color=&#8220;dark&#8220; text_align=&#8220;center&#8220; top_padding=&#8220;70&#8243; bottom_padding=&#8220;70&#8243; overlay_strength=&#8220;0.3&#8243; shape_divider_position=&#8220;bottom&#8220; bg_image_animation=&#8220;none&#8220; shape_type=&#8220;&#8220;][vc_column column_padding=&#8220;no-extra-padding&#8220; column_padding_position=&#8220;all&#8220; background_color_opacity=&#8220;1&#8243; background_hover_color_opacity=&#8220;1&#8243; column_link_target=&#8220;_self&#8220; column_shadow=&#8220;none&#8220; column_border_radius=&#8220;none&#8220; width=&#8220;1\/1&#8243; tablet_width_inherit=&#8220;default&#8220; tablet_text_alignment=&#8220;default&#8220; phone_text_alignment=&#8220;default&#8220; overlay_strength=&#8220;0.3&#8243; column_border_width=&#8220;none&#8220; column_border_style=&#8220;solid&#8220; bg_image_animation=&#8220;none&#8220;][vc_custom_heading text=&#8220;Besuchen Sie uns direkt nach der WindEnergy Messe am Mittwoch im Millerntorstadion des 1. FC St. Pauli&#8220; font_container=&#8220;tag:h2|text_align:center|color:%230a0a0a&#8220; use_theme_fonts=&#8220;yes&#8220;][vc_column_text]Wir laden Sie herzlich zu unserem Gruber Logistics Event im Millerntorstadion ein, um dort in geselliger Runde bei Essen und Getr\u00e4nken \u00fcber das Thema Windkraft zu diskutieren.<\/p>\n<p style=\"text-align: center;\"><strong>Wann: 25. September, <\/strong><strong>18-21 Uhr<\/strong><\/p>\n<p style=\"text-align: center;\"><strong>Wo: Millerntorstadion, St. Pauli<\/strong><\/p>\n<p>Sie lassen uns Ihre Antwort zukommen, indem Sie einfach das unten aufgef\u00fchrte Formular ausf\u00fcllen. Sollten Sie es leider nicht schaffen, hilft uns auch eine Absage, um das Event bestm\u00f6glich plane zu k\u00f6nnen.<\/p>\n<p>Weitere Informationen zum Event lassen wir allen Teilnehmern rechtzeitig vorab zukommen.[\/vc_column_text][\/vc_column][\/vc_row][vc_row type=&#8220;full_width_background&#8220; full_screen_row_position=&#8220;middle&#8220; column_margin=&#8220;default&#8220; bg_color=&#8220;#00a6a7&#8243; scene_position=&#8220;center&#8220; text_color=&#8220;dark&#8220; text_align=&#8220;left&#8220; top_padding=&#8220;70&#8243; bottom_padding=&#8220;70&#8243; overlay_strength=&#8220;0.3&#8243; shape_divider_position=&#8220;bottom&#8220; bg_image_animation=&#8220;none&#8220; shape_type=&#8220;&#8220;][vc_column column_padding=&#8220;no-extra-padding&#8220; column_padding_position=&#8220;all&#8220; background_color_opacity=&#8220;1&#8243; background_hover_color_opacity=&#8220;1&#8243; column_link_target=&#8220;_self&#8220; column_shadow=&#8220;none&#8220; column_border_radius=&#8220;none&#8220; width=&#8220;1\/4&#8243; tablet_width_inherit=&#8220;default&#8220; tablet_text_alignment=&#8220;default&#8220; phone_text_alignment=&#8220;default&#8220; overlay_strength=&#8220;0.3&#8243; column_border_width=&#8220;none&#8220; column_border_style=&#8220;solid&#8220; bg_image_animation=&#8220;none&#8220;][\/vc_column][vc_column column_padding=&#8220;no-extra-padding&#8220; column_padding_position=&#8220;all&#8220; background_color_opacity=&#8220;1&#8243; background_hover_color_opacity=&#8220;1&#8243; column_link_target=&#8220;_self&#8220; column_shadow=&#8220;none&#8220; column_border_radius=&#8220;none&#8220; width=&#8220;1\/2&#8243; tablet_width_inherit=&#8220;default&#8220; tablet_text_alignment=&#8220;default&#8220; phone_text_alignment=&#8220;default&#8220; overlay_strength=&#8220;0.3&#8243; column_border_width=&#8220;none&#8220; column_border_style=&#8220;solid&#8220; bg_image_animation=&#8220;none&#8220;][vc_custom_heading text=&#8220;Sind Sie mit dabei?&#8220; font_container=&#8220;tag:h2|text_align:center|color:%23ffffff&#8220; use_theme_fonts=&#8220;yes&#8220;][divider line_type=&#8220;No Line&#8220; custom_height=&#8220;30&#8243;]\n<div class=\"wpcf7 no-js\" id=\"wpcf7-f25410-o1\" lang=\"de-DE\" dir=\"ltr\" data-wpcf7-id=\"25410\">\n<div class=\"screen-reader-response\"><p role=\"status\" aria-live=\"polite\" aria-atomic=\"true\"><\/p> <ul><\/ul><\/div>\n<form action=\"\/de\/wp-json\/wp\/v2\/pages\/25355#wpcf7-f25410-o1\" method=\"post\" class=\"wpcf7-form init\" aria-label=\"Kontaktformular\" novalidate=\"novalidate\" data-status=\"init\">\n<div style=\"display: none;\">\n<input type=\"hidden\" name=\"_wpcf7\" value=\"25410\" \/>\n<input type=\"hidden\" name=\"_wpcf7_version\" value=\"6.0.5\" \/>\n<input type=\"hidden\" name=\"_wpcf7_locale\" value=\"de_DE\" \/>\n<input type=\"hidden\" name=\"_wpcf7_unit_tag\" value=\"wpcf7-f25410-o1\" \/>\n<input type=\"hidden\" name=\"_wpcf7_container_post\" value=\"0\" \/>\n<input type=\"hidden\" name=\"_wpcf7_posted_data_hash\" value=\"\" \/>\n<input type=\"hidden\" name=\"_wpcf7cf_hidden_group_fields\" value=\"[]\" \/>\n<input type=\"hidden\" name=\"_wpcf7cf_hidden_groups\" value=\"[]\" \/>\n<input type=\"hidden\" name=\"_wpcf7cf_visible_groups\" value=\"[]\" \/>\n<input type=\"hidden\" name=\"_wpcf7cf_repeaters\" value=\"[]\" \/>\n<input type=\"hidden\" name=\"_wpcf7cf_steps\" value=\"{}\" \/>\n<input type=\"hidden\" name=\"_wpcf7cf_options\" value=\"{&quot;form_id&quot;:25410,&quot;conditions&quot;:[],&quot;settings&quot;:{&quot;animation&quot;:&quot;yes&quot;,&quot;animation_intime&quot;:200,&quot;animation_outtime&quot;:200,&quot;conditions_ui&quot;:&quot;normal&quot;,&quot;notice_dismissed&quot;:false,&quot;notice_dismissed_rollback-cf7-5.9.7&quot;:true}}\" \/>\n<input type=\"hidden\" name=\"_wpcf7dtx_version\" value=\"5.0.3\" \/>\n<input type=\"hidden\" name=\"_uacf7_hidden_conditional_fields\" value=\"\" \/>\n<input type=\"hidden\" name=\"_wpcf7_recaptcha_response\" value=\"\" \/>\n<\/div>\n<div class=\"uacf7-form-25410  \"><span class=\"wpcf7-form-control-wrap\" data-name=\"your-name\"><input size=\"40\" maxlength=\"400\" class=\"wpcf7-form-control wpcf7-text wpcf7-validates-as-required\" aria-required=\"true\" aria-invalid=\"false\" placeholder=\"Vorname (*)\" value=\"\" type=\"text\" name=\"your-name\" \/><\/span>\n\n<span class=\"wpcf7-form-control-wrap\" data-name=\"your-surname\"><input size=\"40\" maxlength=\"400\" class=\"wpcf7-form-control wpcf7-text wpcf7-validates-as-required\" aria-required=\"true\" aria-invalid=\"false\" placeholder=\"Nachname (*)\" value=\"\" type=\"text\" name=\"your-surname\" \/><\/span>\n\n<span class=\"wpcf7-form-control-wrap\" data-name=\"your-email\"><input size=\"40\" maxlength=\"400\" class=\"wpcf7-form-control wpcf7-email wpcf7-validates-as-required wpcf7-text wpcf7-validates-as-email\" aria-required=\"true\" aria-invalid=\"false\" placeholder=\"E-Mail-Adresse (*)\" value=\"\" type=\"email\" name=\"your-email\" \/><\/span>\n\n<label> Nehmen Sie am Gruber Logistics Event im Millerntorstadion teil?(*)\n<span class=\"wpcf7-form-control-wrap\" data-name=\"event_value\"><select class=\"wpcf7-form-control wpcf7-select wpcf7-validates-as-required\" aria-required=\"true\" aria-invalid=\"false\" name=\"event_value\"><option value=\"\">\u2014 Bitte w\u00e4hlen Sie eine Option \u2014<\/option><option value=\"Ich bin dabei\">Ich bin dabei<\/option><option value=\"Ich bin nicht dabei\">Ich bin nicht dabei<\/option><\/select><\/span> <\/label>\n\n<span class=\"wpcf7-form-control-wrap\" data-name=\"acceptance-672\"><span class=\"wpcf7-form-control wpcf7-acceptance\"><span class=\"wpcf7-list-item\"><label><input type=\"checkbox\" name=\"acceptance-672\" value=\"1\" aria-invalid=\"false\" \/><span class=\"wpcf7-list-item-label\">Datenschutzbestimmungen laut Gesetz Art. 13 der DSGVO 2016\/679 gelesen und akzeptiert. <a href=\"\/en\/privacy\/\" style=\"color: #fff;\">Privacy policy<\/a><\/span><\/label><\/span><\/span><\/span>\n\n<input class=\"wpcf7-form-control wpcf7-submit has-spinner\" type=\"submit\" value=\"Senden\" \/><\/div><p style=\"display: none !important;\" class=\"akismet-fields-container\" data-prefix=\"_wpcf7_ak_\"><label>&#916;<textarea name=\"_wpcf7_ak_hp_textarea\" cols=\"45\" rows=\"8\" maxlength=\"100\"><\/textarea><\/label><input type=\"hidden\" id=\"ak_js_1\" name=\"_wpcf7_ak_js\" value=\"248\"\/><script>document.getElementById( \"ak_js_1\" ).setAttribute( \"value\", ( new Date() ).getTime() );<\/script><\/p><input type='hidden' class='wpcf7-pum' value='{\"closepopup\":false,\"closedelay\":0,\"openpopup\":false,\"openpopup_id\":0}' \/><div class=\"wpcf7-response-output\" aria-hidden=\"true\"><\/div>\n<\/form>\n<\/div>\n[\/vc_column][vc_column column_padding=&#8220;no-extra-padding&#8220; column_padding_position=&#8220;all&#8220; background_color_opacity=&#8220;1&#8243; background_hover_color_opacity=&#8220;1&#8243; column_link_target=&#8220;_self&#8220; column_shadow=&#8220;none&#8220; column_border_radius=&#8220;none&#8220; width=&#8220;1\/4&#8243; tablet_width_inherit=&#8220;default&#8220; tablet_text_alignment=&#8220;default&#8220; phone_text_alignment=&#8220;default&#8220; overlay_strength=&#8220;0.3&#8243; column_border_width=&#8220;none&#8220; column_border_style=&#8220;solid&#8220; bg_image_animation=&#8220;none&#8220;][\/vc_column][\/vc_row]\n","protected":false},"excerpt":{"rendered":"<p>[vc_row type=&#8220;full_width_background&#8220; full_screen_row_position=&#8220;middle&#8220; column_margin=&#8220;default&#8220; bg_image=&#8220;25359&#8243; background_image_mobile_hidden=&#8220;true&#8220; bg_position=&#8220;center center&#8220; bg_repeat=&#8220;no-repeat&#8220; bg_color=&#8220;#00a6a7&#8243; scene_position=&#8220;center&#8220; text_color=&#8220;dark&#8220; text_align=&#8220;left&#8220; top_padding=&#8220;150&#8243; bottom_padding=&#8220;450&#8243; color_overlay=&#8220;#a8a99e&#8220; overlay_strength=&#8220;0.3&#8243; shape_divider_position=&#8220;bottom&#8220; bg_image_animation=&#8220;none&#8220; shape_type=&#8220;&#8220;][vc_column centered_text=&#8220;true&#8220; column_padding=&#8220;no-extra-padding&#8220; column_padding_position=&#8220;all&#8220; background_color_opacity=&#8220;1&#8243; background_hover_color_opacity=&#8220;1&#8243;&#8230;<\/p>\n","protected":false},"author":7,"featured_media":0,"parent":0,"menu_order":0,"comment_status":"closed","ping_status":"closed","template":"","meta":{"footnotes":""},"class_list":["post-25355","page","type-page","status-publish"],"yoast_head":"<!-- This site is optimized with the Yoast SEO plugin v24.6 - https:\/\/yoast.com\/wordpress\/plugins\/seo\/ -->\n<title>WindEnergy Messe Millerntor Event - GRUBER Logistics S.p.A.<\/title>\n<meta name=\"description\" content=\"Gruber Logistics pr\u00e4sentiert innovative Logistikl\u00f6sungen und Dienstleistungen auf der WindEnergy Messe im Millerntorstadion.\" \/>\n<meta name=\"robots\" content=\"index, follow, max-snippet:-1, max-image-preview:large, max-video-preview:-1\" \/>\n<link rel=\"canonical\" href=\"https:\/\/www.gruber-logistics.com\/de\/gruber-logistics-millerntor-event\/\" \/>\n<meta property=\"og:locale\" content=\"de_DE\" \/>\n<meta property=\"og:type\" content=\"article\" \/>\n<meta property=\"og:title\" content=\"WindEnergy Messe Millerntor Event - GRUBER Logistics S.p.A.\" \/>\n<meta property=\"og:description\" content=\"Gruber Logistics pr\u00e4sentiert innovative Logistikl\u00f6sungen und Dienstleistungen auf der WindEnergy Messe im Millerntorstadion.\" \/>\n<meta property=\"og:url\" content=\"https:\/\/www.gruber-logistics.com\/de\/gruber-logistics-millerntor-event\/\" \/>\n<meta property=\"og:site_name\" content=\"GRUBER Logistics S.p.A.\" \/>\n<meta property=\"article:publisher\" content=\"https:\/\/it-it.facebook.com\/gruberlogistics\/\" \/>\n<meta property=\"article:modified_time\" content=\"2025-03-28T09:59:38+00:00\" \/>\n<meta property=\"og:image\" content=\"https:\/\/www.gruber-logistics.com\/wp-content\/uploads\/2025\/02\/GRUBER_Logistics.jpg\" \/>\n\t<meta property=\"og:image:width\" content=\"1920\" \/>\n\t<meta property=\"og:image:height\" content=\"1357\" \/>\n\t<meta property=\"og:image:type\" content=\"image\/jpeg\" \/>\n<meta name=\"twitter:card\" content=\"summary_large_image\" \/>\n<meta name=\"twitter:site\" content=\"@GruberLogistics\" \/>\n<meta name=\"twitter:label1\" content=\"Gesch\u00e4tzte Lesezeit\" \/>\n\t<meta name=\"twitter:data1\" content=\"2\u00a0Minuten\" \/>\n<script type=\"application\/ld+json\" class=\"yoast-schema-graph\">{\"@context\":\"https:\/\/schema.org\",\"@graph\":[{\"@type\":\"WebPage\",\"@id\":\"https:\/\/www.gruber-logistics.com\/de\/gruber-logistics-millerntor-event\/\",\"url\":\"https:\/\/www.gruber-logistics.com\/de\/gruber-logistics-millerntor-event\/\",\"name\":\"WindEnergy Messe Millerntor Event - GRUBER Logistics S.p.A.\",\"isPartOf\":{\"@id\":\"https:\/\/www.gruber-logistics.com\/de\/#website\"},\"datePublished\":\"2024-07-15T14:41:58+00:00\",\"dateModified\":\"2025-03-28T09:59:38+00:00\",\"description\":\"Gruber Logistics pr\u00e4sentiert innovative Logistikl\u00f6sungen und Dienstleistungen auf der WindEnergy Messe im Millerntorstadion.\",\"breadcrumb\":{\"@id\":\"https:\/\/www.gruber-logistics.com\/de\/gruber-logistics-millerntor-event\/#breadcrumb\"},\"inLanguage\":\"de\",\"potentialAction\":[{\"@type\":\"ReadAction\",\"target\":[\"https:\/\/www.gruber-logistics.com\/de\/gruber-logistics-millerntor-event\/\"]}]},{\"@type\":\"BreadcrumbList\",\"@id\":\"https:\/\/www.gruber-logistics.com\/de\/gruber-logistics-millerntor-event\/#breadcrumb\",\"itemListElement\":[{\"@type\":\"ListItem\",\"position\":1,\"name\":\"Home\",\"item\":\"https:\/\/www.gruber-logistics.com\/de\/\"},{\"@type\":\"ListItem\",\"position\":2,\"name\":\"Gruber Logistics Millerntor Event\"}]},{\"@type\":\"WebSite\",\"@id\":\"https:\/\/www.gruber-logistics.com\/de\/#website\",\"url\":\"https:\/\/www.gruber-logistics.com\/de\/\",\"name\":\"GRUBER Logistics S.p.A.\",\"description\":\"Transportunternehmen\",\"publisher\":{\"@id\":\"https:\/\/www.gruber-logistics.com\/de\/#organization\"},\"potentialAction\":[{\"@type\":\"SearchAction\",\"target\":{\"@type\":\"EntryPoint\",\"urlTemplate\":\"https:\/\/www.gruber-logistics.com\/de\/?s={search_term_string}\"},\"query-input\":{\"@type\":\"PropertyValueSpecification\",\"valueRequired\":true,\"valueName\":\"search_term_string\"}}],\"inLanguage\":\"de\"},{\"@type\":\"Organization\",\"@id\":\"https:\/\/www.gruber-logistics.com\/de\/#organization\",\"name\":\"GRUBER Logistics S.p.A.\",\"url\":\"https:\/\/www.gruber-logistics.com\/de\/\",\"logo\":{\"@type\":\"ImageObject\",\"inLanguage\":\"de\",\"@id\":\"https:\/\/www.gruber-logistics.com\/de\/#\/schema\/logo\/image\/\",\"url\":\"https:\/\/www.gruber-logistics.com\/wp-content\/uploads\/2018\/11\/Gruber-logistics-logo-color.png\",\"contentUrl\":\"https:\/\/www.gruber-logistics.com\/wp-content\/uploads\/2018\/11\/Gruber-logistics-logo-color.png\",\"width\":324,\"height\":100,\"caption\":\"GRUBER Logistics S.p.A.\"},\"image\":{\"@id\":\"https:\/\/www.gruber-logistics.com\/de\/#\/schema\/logo\/image\/\"},\"sameAs\":[\"https:\/\/it-it.facebook.com\/gruberlogistics\/\",\"https:\/\/x.com\/GruberLogistics\",\"https:\/\/www.instagram.com\/gruberlogistics\/\",\"https:\/\/it.linkedin.com\/company\/gruber-logistics\",\"https:\/\/www.youtube.com\/channel\/UCdq3OH0UblNUnUETLsSxLog\"]}]}<\/script>\n<!-- \/ Yoast SEO plugin. -->","yoast_head_json":{"title":"WindEnergy Messe Millerntor Event - GRUBER Logistics S.p.A.","description":"Gruber Logistics pr\u00e4sentiert innovative Logistikl\u00f6sungen und Dienstleistungen auf der WindEnergy Messe im Millerntorstadion.","robots":{"index":"index","follow":"follow","max-snippet":"max-snippet:-1","max-image-preview":"max-image-preview:large","max-video-preview":"max-video-preview:-1"},"canonical":"https:\/\/www.gruber-logistics.com\/de\/gruber-logistics-millerntor-event\/","og_locale":"de_DE","og_type":"article","og_title":"WindEnergy Messe Millerntor Event - GRUBER Logistics S.p.A.","og_description":"Gruber Logistics pr\u00e4sentiert innovative Logistikl\u00f6sungen und Dienstleistungen auf der WindEnergy Messe im Millerntorstadion.","og_url":"https:\/\/www.gruber-logistics.com\/de\/gruber-logistics-millerntor-event\/","og_site_name":"GRUBER Logistics S.p.A.","article_publisher":"https:\/\/it-it.facebook.com\/gruberlogistics\/","article_modified_time":"2025-03-28T09:59:38+00:00","og_image":[{"width":1920,"height":1357,"url":"https:\/\/www.gruber-logistics.com\/wp-content\/uploads\/2025\/02\/GRUBER_Logistics.jpg","type":"image\/jpeg"}],"twitter_card":"summary_large_image","twitter_site":"@GruberLogistics","twitter_misc":{"Gesch\u00e4tzte Lesezeit":"2\u00a0Minuten"},"schema":{"@context":"https:\/\/schema.org","@graph":[{"@type":"WebPage","@id":"https:\/\/www.gruber-logistics.com\/de\/gruber-logistics-millerntor-event\/","url":"https:\/\/www.gruber-logistics.com\/de\/gruber-logistics-millerntor-event\/","name":"WindEnergy Messe Millerntor Event - GRUBER Logistics S.p.A.","isPartOf":{"@id":"https:\/\/www.gruber-logistics.com\/de\/#website"},"datePublished":"2024-07-15T14:41:58+00:00","dateModified":"2025-03-28T09:59:38+00:00","description":"Gruber Logistics pr\u00e4sentiert innovative Logistikl\u00f6sungen und Dienstleistungen auf der WindEnergy Messe im Millerntorstadion.","breadcrumb":{"@id":"https:\/\/www.gruber-logistics.com\/de\/gruber-logistics-millerntor-event\/#breadcrumb"},"inLanguage":"de","potentialAction":[{"@type":"ReadAction","target":["https:\/\/www.gruber-logistics.com\/de\/gruber-logistics-millerntor-event\/"]}]},{"@type":"BreadcrumbList","@id":"https:\/\/www.gruber-logistics.com\/de\/gruber-logistics-millerntor-event\/#breadcrumb","itemListElement":[{"@type":"ListItem","position":1,"name":"Home","item":"https:\/\/www.gruber-logistics.com\/de\/"},{"@type":"ListItem","position":2,"name":"Gruber Logistics Millerntor Event"}]},{"@type":"WebSite","@id":"https:\/\/www.gruber-logistics.com\/de\/#website","url":"https:\/\/www.gruber-logistics.com\/de\/","name":"GRUBER Logistics S.p.A.","description":"Transportunternehmen","publisher":{"@id":"https:\/\/www.gruber-logistics.com\/de\/#organization"},"potentialAction":[{"@type":"SearchAction","target":{"@type":"EntryPoint","urlTemplate":"https:\/\/www.gruber-logistics.com\/de\/?s={search_term_string}"},"query-input":{"@type":"PropertyValueSpecification","valueRequired":true,"valueName":"search_term_string"}}],"inLanguage":"de"},{"@type":"Organization","@id":"https:\/\/www.gruber-logistics.com\/de\/#organization","name":"GRUBER Logistics S.p.A.","url":"https:\/\/www.gruber-logistics.com\/de\/","logo":{"@type":"ImageObject","inLanguage":"de","@id":"https:\/\/www.gruber-logistics.com\/de\/#\/schema\/logo\/image\/","url":"https:\/\/www.gruber-logistics.com\/wp-content\/uploads\/2018\/11\/Gruber-logistics-logo-color.png","contentUrl":"https:\/\/www.gruber-logistics.com\/wp-content\/uploads\/2018\/11\/Gruber-logistics-logo-color.png","width":324,"height":100,"caption":"GRUBER Logistics S.p.A."},"image":{"@id":"https:\/\/www.gruber-logistics.com\/de\/#\/schema\/logo\/image\/"},"sameAs":["https:\/\/it-it.facebook.com\/gruberlogistics\/","https:\/\/x.com\/GruberLogistics","https:\/\/www.instagram.com\/gruberlogistics\/","https:\/\/it.linkedin.com\/company\/gruber-logistics","https:\/\/www.youtube.com\/channel\/UCdq3OH0UblNUnUETLsSxLog"]}]}},"_links":{"self":[{"href":"https:\/\/www.gruber-logistics.com\/de\/wp-json\/wp\/v2\/pages\/25355","targetHints":{"allow":["GET"]}}],"collection":[{"href":"https:\/\/www.gruber-logistics.com\/de\/wp-json\/wp\/v2\/pages"}],"about":[{"href":"https:\/\/www.gruber-logistics.com\/de\/wp-json\/wp\/v2\/types\/page"}],"author":[{"embeddable":true,"href":"https:\/\/www.gruber-logistics.com\/de\/wp-json\/wp\/v2\/users\/7"}],"replies":[{"embeddable":true,"href":"https:\/\/www.gruber-logistics.com\/de\/wp-json\/wp\/v2\/comments?post=25355"}],"version-history":[{"count":22,"href":"https:\/\/www.gruber-logistics.com\/de\/wp-json\/wp\/v2\/pages\/25355\/revisions"}],"predecessor-version":[{"id":25465,"href":"https:\/\/www.gruber-logistics.com\/de\/wp-json\/wp\/v2\/pages\/25355\/revisions\/25465"}],"wp:attachment":[{"href":"https:\/\/www.gruber-logistics.com\/de\/wp-json\/wp\/v2\/media?parent=25355"}],"curies":[{"name":"wp","href":"https:\/\/api.w.org\/{rel}","templated":true}]}}