{"id":6252,"date":"2019-03-13T10:38:23","date_gmt":"2019-03-13T10:38:23","guid":{"rendered":"https:\/\/www.gruber-logistics.com\/informativa-sul-trattamento-dei-dati-personali-candidati\/"},"modified":"2019-03-21T15:32:40","modified_gmt":"2019-03-21T15:32:40","slug":"information-zum-schutz-der-personenbezogenen-daten-bewerber","status":"publish","type":"page","link":"https:\/\/www.gruber-logistics.com\/de\/information-zum-schutz-der-personenbezogenen-daten-bewerber\/","title":{"rendered":"Information zum Schutz der personenbezogenen Daten (Bewerber)"},"content":{"rendered":"[vc_row type=&#8220;full_width_background&#8220; full_screen_row_position=&#8220;middle&#8220; equal_height=&#8220;yes&#8220; content_placement=&#8220;bottom&#8220; bg_image=&#8220;3693&#8243; bg_position=&#8220;center center&#8220; bg_repeat=&#8220;no-repeat&#8220; bg_color=&#8220;#333333&#8243; scene_position=&#8220;center&#8220; text_color=&#8220;light&#8220; text_align=&#8220;left&#8220; top_padding=&#8220;23%&#8220; bottom_padding=&#8220;2%&#8220; color_overlay=&#8220;#161616&#8243; overlay_strength=&#8220;0.5&#8243; shape_divider_position=&#8220;bottom&#8220; bg_image_animation=&#8220;none&#8220; video_mute=&#8220;true&#8220; shape_type=&#8220;&#8220;][vc_column column_padding=&#8220;no-extra-padding&#8220; column_padding_position=&#8220;all&#8220; background_color_opacity=&#8220;1&#8243; background_hover_color_opacity=&#8220;1&#8243; column_link_target=&#8220;_self&#8220; column_shadow=&#8220;none&#8220; column_border_radius=&#8220;none&#8220; width=&#8220;1\/6&#8243; tablet_width_inherit=&#8220;default&#8220; tablet_text_alignment=&#8220;default&#8220; phone_text_alignment=&#8220;default&#8220; column_border_width=&#8220;none&#8220; column_border_style=&#8220;solid&#8220; bg_image_animation=&#8220;none&#8220;][\/vc_column][vc_column column_padding=&#8220;padding-4-percent&#8220; column_padding_position=&#8220;all&#8220; background_color_opacity=&#8220;1&#8243; background_hover_color_opacity=&#8220;1&#8243; column_link_target=&#8220;_self&#8220; column_shadow=&#8220;none&#8220; column_border_radius=&#8220;none&#8220; width=&#8220;2\/3&#8243; tablet_width_inherit=&#8220;default&#8220; tablet_text_alignment=&#8220;default&#8220; phone_text_alignment=&#8220;default&#8220; column_border_width=&#8220;none&#8220; column_border_style=&#8220;solid&#8220; bg_image_animation=&#8220;none&#8220;][vc_custom_heading text=&#8220;INFORMATION ZUM SCHUTZ<br \/>\nDER PERSONENBEZOGENEN DATEN<br \/>\n(Bewerber)<br \/>\n&#8220; font_container=&#8220;tag:h1|text_align:left&#8220; use_theme_fonts=&#8220;yes&#8220;][\/vc_column][vc_column column_padding=&#8220;no-extra-padding&#8220; column_padding_position=&#8220;all&#8220; background_color_opacity=&#8220;1&#8243; background_hover_color_opacity=&#8220;1&#8243; column_link_target=&#8220;_self&#8220; column_shadow=&#8220;none&#8220; column_border_radius=&#8220;none&#8220; width=&#8220;1\/6&#8243; tablet_width_inherit=&#8220;default&#8220; tablet_text_alignment=&#8220;default&#8220; phone_text_alignment=&#8220;default&#8220; column_border_width=&#8220;none&#8220; column_border_style=&#8220;solid&#8220; bg_image_animation=&#8220;none&#8220;][\/vc_column][\/vc_row][vc_row type=&#8220;full_width_content&#8220; full_screen_row_position=&#8220;middle&#8220; equal_height=&#8220;yes&#8220; scene_position=&#8220;center&#8220; text_color=&#8220;dark&#8220; text_align=&#8220;left&#8220; overlay_strength=&#8220;0.3&#8243; shape_divider_position=&#8220;bottom&#8220; bg_image_animation=&#8220;none&#8220; shape_type=&#8220;&#8220;][vc_column centered_text=&#8220;true&#8220; column_padding=&#8220;no-extra-padding&#8220; column_padding_position=&#8220;all&#8220; background_color_opacity=&#8220;0.8&#8243; background_hover_color_opacity=&#8220;1&#8243; font_color=&#8220;#ffffff&#8220; column_link_target=&#8220;_self&#8220; column_shadow=&#8220;none&#8220; column_border_radius=&#8220;none&#8220; width=&#8220;1\/6&#8243; tablet_width_inherit=&#8220;default&#8220; tablet_text_alignment=&#8220;default&#8220; phone_text_alignment=&#8220;default&#8220; column_border_width=&#8220;none&#8220; column_border_style=&#8220;solid&#8220; bg_image_animation=&#8220;none&#8220; offset=&#8220;vc_hidden-sm vc_hidden-xs&#8220;][\/vc_column][vc_column column_padding=&#8220;padding-5-percent&#8220; column_padding_position=&#8220;all&#8220; background_color_opacity=&#8220;1&#8243; background_hover_color_opacity=&#8220;1&#8243; column_link_target=&#8220;_self&#8220; column_shadow=&#8220;none&#8220; column_border_radius=&#8220;none&#8220; width=&#8220;2\/3&#8243; tablet_width_inherit=&#8220;default&#8220; tablet_text_alignment=&#8220;default&#8220; phone_text_alignment=&#8220;default&#8220; column_border_width=&#8220;none&#8220; column_border_style=&#8220;solid&#8220; bg_image_animation=&#8220;none&#8220;][vc_column_text]Sehr geehrte Damen und Herren,<\/p>\n<p>im Zusammenhang mit den Prozeduren zur Einstellung von neuen Mitarbeitern erheben und verarbeiten wir die personenbezogenen Daten, die uns von den Bewerbern \u00fcbermittelt werden, indem diese uns ihre Lebensl\u00e4ufe zusenden oder die entsprechenden Formulare ausf\u00fcllen. Diese Daten dienen der direkten Kontaktaufnahme mit den Kandidaten im Hinblick auf eine eventuelle Einstellung. Sp\u00e4ter k\u00f6nnten zudem weitere, auch sensible pers\u00f6nliche Daten f\u00fcr die Verarbeitung eines bestehenden Arbeitsverh\u00e4ltnisses erforderlich sein.<\/p>\n<p>Ihre personenbezogenen Daten werden gem\u00e4\u00df den geltenden EU-Vorschriften behandelt, mit besonderem Verweis auf die Datenschutz-Grundverordnung UE 2016\/679 (GDPR).<\/p>\n<p>Es folgen die grundlegenden Informationen zur Verarbeitung personenbezogener Daten.<\/p>\n<p><strong>Verantwortlicher:<\/strong>\u00a0Verantwortlicher f\u00fcr die Datenverarbeitung ist die Gruber Logistics S.p.A., mit Firmensitz in der Nationalstra\u00dfe 75 \u2013 39040 Auer (Bozen), Italien (<a href=\"mailto:privacy@gruber-logistics.com\">privacy@gruber-logistics.com<\/a>).<\/p>\n<p><strong>DPO:<\/strong>\u00a0Auf der Firmenwebseite\u00a0<a href=\"https:\/\/www.gruber-logistics.com\/impresa\/datenschutz\">https:\/\/www.gruber-logistics.com\/datenschutz<\/a>\u00a0finden sich die immer aktualisierten Angaben zum Datenschutzbeauftragten (DPO) und dessen Kontakte. Der DPO ist in jedem Fall auch \u00fcber die folgende E-Mail zu erreichen:\u00a0<a href=\"mailto:dpo@gruber-logistics.com\">dpo@gruber-logistics.com<\/a>.<\/p>\n<p><strong>Verwendungszweck:<\/strong>\u00a0Ihre personenbezogenen Daten werden ausschlie\u00dflich zu den folgenden Zwecken erhoben und verarbeitet:<\/p>\n<ul>\n<li>Pr\u00fcfung der Voraussetzungen f\u00fcr eine eventuelle Einstellung<\/li>\n<li>Direkte Kontaktaufnahme mit dem Bewerber<\/li>\n<li>Vorbereitung der zum Abschluss eines Arbeitsvertrags erforderlichen Unterlagen<\/li>\n<li>Erledigung der gesetzlich oder vertraglich vorgesehenen Formalit\u00e4ten mit den entsprechenden \u00c4mtern zu Sozial-, F\u00fcrsorge- und Versicherungsfragen bzw. mit der \u00f6ffentlichen Verwaltung im Allgemeinen<\/li>\n<\/ul>\n<p><strong>Empf\u00e4nger:<\/strong>\u00a0Zugriff auf Ihre Daten haben nur Personen, die innerhalb der betrieblichen Organisation mit den die oben dargelegten Zwecke betreffenden Aufgaben betraut sind. Au\u00dferhalb der Firma k\u00f6nnen Ihre Daten an Lieferanten von G\u00fctern, Leistungserbringer oder \u00f6ffentliche Einrichtungen weitergegeben werden, wobei ebenfalls die oben beschriebene Zweckbindung gilt. Im Fall der \u00dcbermittlung personenbezogener Daten an Auftragsverarbeiter in Drittl\u00e4ndern werden die von den geltenden EU-Vorschriften vorgesehenen Schutzbestimmungen durch Vertr\u00e4ge garantiert, die auf den von der Europ\u00e4ischen Kommission angewandten Standard-Datenschutzklauseln beruhen. Eine Kopie der \u00fcbermittelten Daten kann beim Verantwortlichen f\u00fcr die Datenverarbeitung angefragt werden.<\/p>\n<p><strong>Dauer der Aufbewahrung:<\/strong>\u00a0Die personenbezogenen Daten werden nur so lange aufbewahrt, bis der Verwendungszweck, zu dem sie erhoben wurden, erf\u00fcllt ist. Falls das Einstellungsverfahren negativen Ausgang hat oder nicht weitergef\u00fchrt werden kann und es damit, aus welchen Gr\u00fcnden auch immer, nicht zu einer Einstellung kommt, werden die Daten nach ihrer Erhebung 24 Monate lang aufbewahrt und dann gel\u00f6scht.<\/p>\n<p><strong>Rechte:<\/strong> Die betroffene Person hat die M\u00f6glichkeit, ihre pers\u00f6nlichen Daten jederzeit einzusehen und hat ein Anrecht auf Berichtigung, L\u00f6schung und Einschr\u00e4nkung der Verarbeitung solcher Daten, oder auf einen Auszug derselben in einem \u00fcbertragbaren Format. Eine detaillierte Beschreibung der Rechte des Betroffenen ist auf der Firmenwebseite <a href=\"https:\/\/www.gruber-logistics.com\/datenschutz\">https:\/\/www.gruber-logistics.com\/datenschutz<\/a> wiedergegeben. Um diese Rechte auszu\u00fcben, senden Sie bitte eine E-Mail an die Adresse\u00a0<a href=\"mailto:privacy@gruber-logistics.com\">privacy@gruber-logistics.com<\/a>\u00a0oder gehen Sie nach den auf der Firmenwebseite angegebenen Modalit\u00e4ten vor.<\/p>\n<p><strong>Beschwerden:<\/strong>\u00a0Bei jeglicher unkorrekten oder unzul\u00e4ssigen Verarbeitung ihrer personenbezogenen Daten, oder bei jeglicher Verletzung ihrer Rechte kann die betroffene Person bei der von der Republik Italien eingesetzten Aufsichtsbeh\u00f6rde (\u201eGarante della Privacy\u201c), bzw. alternativ bei einer Aufsichtsbeh\u00f6rde des EU-Landes, in dem sie ans\u00e4ssig ist, Beschwerde einlegen.<\/p>\n<p><strong>Freiwilligkeit:<\/strong>\u00a0Auch wenn die \u00dcbermittlung Ihrer Daten nicht obligatorisch ist, sind diese notwendig, um die oben dargelegten Zwecke zu verfolgen. Daher schlie\u00dft eine Weigerung, die erforderlichen Daten mitzuteilen, weitere Verhandlungen in Bezug auf eine eventuelle Einstellung aus.[\/vc_column_text][\/vc_column][vc_column column_padding=&#8220;no-extra-padding&#8220; column_padding_position=&#8220;all&#8220; background_color_opacity=&#8220;1&#8243; background_hover_color_opacity=&#8220;1&#8243; column_link_target=&#8220;_self&#8220; column_shadow=&#8220;none&#8220; column_border_radius=&#8220;none&#8220; width=&#8220;1\/6&#8243; tablet_width_inherit=&#8220;default&#8220; tablet_text_alignment=&#8220;default&#8220; phone_text_alignment=&#8220;default&#8220; column_border_width=&#8220;none&#8220; column_border_style=&#8220;solid&#8220; bg_image_animation=&#8220;none&#8220; offset=&#8220;vc_hidden-sm vc_hidden-xs&#8220;][\/vc_column][\/vc_row]\n","protected":false},"excerpt":{"rendered":"<p>[vc_row type=&#8220;full_width_background&#8220; full_screen_row_position=&#8220;middle&#8220; equal_height=&#8220;yes&#8220; content_placement=&#8220;bottom&#8220; bg_image=&#8220;3693&#8243; bg_position=&#8220;center center&#8220; bg_repeat=&#8220;no-repeat&#8220; bg_color=&#8220;#333333&#8243; scene_position=&#8220;center&#8220; text_color=&#8220;light&#8220; text_align=&#8220;left&#8220; top_padding=&#8220;23%&#8220; bottom_padding=&#8220;2%&#8220; color_overlay=&#8220;#161616&#8243; overlay_strength=&#8220;0.5&#8243; shape_divider_position=&#8220;bottom&#8220; bg_image_animation=&#8220;none&#8220; video_mute=&#8220;true&#8220; shape_type=&#8220;&#8220;][vc_column column_padding=&#8220;no-extra-padding&#8220; column_padding_position=&#8220;all&#8220; background_color_opacity=&#8220;1&#8243; background_hover_color_opacity=&#8220;1&#8243;&#8230;<\/p>\n","protected":false},"author":7,"featured_media":0,"parent":0,"menu_order":73,"comment_status":"closed","ping_status":"closed","template":"","meta":{"footnotes":""},"class_list":["post-6252","page","type-page","status-publish"],"yoast_head":"<!-- This site is optimized with the Yoast SEO plugin v24.6 - https:\/\/yoast.com\/wordpress\/plugins\/seo\/ -->\n<title>Information zum Schutz der personenbezogenen Daten (Bewerber) - GRUBER Logistics S.p.A.<\/title>\n<meta name=\"description\" content=\"Information zum Schutz der personenbezogenen Daten (Bewerber) - GRUBER Logistics S.p.A.\" \/>\n<meta name=\"robots\" content=\"index, follow, max-snippet:-1, max-image-preview:large, max-video-preview:-1\" \/>\n<link rel=\"canonical\" href=\"https:\/\/www.gruber-logistics.com\/de\/information-zum-schutz-der-personenbezogenen-daten-bewerber\/\" \/>\n<meta property=\"og:locale\" content=\"de_DE\" \/>\n<meta property=\"og:type\" content=\"article\" \/>\n<meta property=\"og:title\" content=\"Information zum Schutz der personenbezogenen Daten (Bewerber) - GRUBER Logistics S.p.A.\" \/>\n<meta property=\"og:description\" content=\"Information zum Schutz der personenbezogenen Daten (Bewerber) - GRUBER Logistics S.p.A.\" \/>\n<meta property=\"og:url\" content=\"https:\/\/www.gruber-logistics.com\/de\/information-zum-schutz-der-personenbezogenen-daten-bewerber\/\" \/>\n<meta property=\"og:site_name\" content=\"GRUBER Logistics S.p.A.\" \/>\n<meta property=\"article:publisher\" content=\"https:\/\/it-it.facebook.com\/gruberlogistics\/\" \/>\n<meta property=\"article:modified_time\" content=\"2019-03-21T15:32:40+00:00\" \/>\n<meta property=\"og:image\" content=\"https:\/\/www.gruber-logistics.com\/wp-content\/uploads\/2025\/02\/GRUBER_Logistics.jpg\" \/>\n\t<meta property=\"og:image:width\" content=\"1920\" \/>\n\t<meta property=\"og:image:height\" content=\"1357\" \/>\n\t<meta property=\"og:image:type\" content=\"image\/jpeg\" \/>\n<meta name=\"twitter:card\" content=\"summary_large_image\" \/>\n<meta name=\"twitter:site\" content=\"@GruberLogistics\" \/>\n<meta name=\"twitter:label1\" content=\"Gesch\u00e4tzte Lesezeit\" \/>\n\t<meta name=\"twitter:data1\" content=\"5\u00a0Minuten\" \/>\n<script type=\"application\/ld+json\" class=\"yoast-schema-graph\">{\"@context\":\"https:\/\/schema.org\",\"@graph\":[{\"@type\":\"WebPage\",\"@id\":\"https:\/\/www.gruber-logistics.com\/de\/information-zum-schutz-der-personenbezogenen-daten-bewerber\/\",\"url\":\"https:\/\/www.gruber-logistics.com\/de\/information-zum-schutz-der-personenbezogenen-daten-bewerber\/\",\"name\":\"Information zum Schutz der personenbezogenen Daten (Bewerber) - GRUBER Logistics S.p.A.\",\"isPartOf\":{\"@id\":\"https:\/\/www.gruber-logistics.com\/de\/#website\"},\"datePublished\":\"2019-03-13T10:38:23+00:00\",\"dateModified\":\"2019-03-21T15:32:40+00:00\",\"description\":\"Information zum Schutz der personenbezogenen Daten (Bewerber) - GRUBER Logistics S.p.A.\",\"breadcrumb\":{\"@id\":\"https:\/\/www.gruber-logistics.com\/de\/information-zum-schutz-der-personenbezogenen-daten-bewerber\/#breadcrumb\"},\"inLanguage\":\"de\",\"potentialAction\":[{\"@type\":\"ReadAction\",\"target\":[\"https:\/\/www.gruber-logistics.com\/de\/information-zum-schutz-der-personenbezogenen-daten-bewerber\/\"]}]},{\"@type\":\"BreadcrumbList\",\"@id\":\"https:\/\/www.gruber-logistics.com\/de\/information-zum-schutz-der-personenbezogenen-daten-bewerber\/#breadcrumb\",\"itemListElement\":[{\"@type\":\"ListItem\",\"position\":1,\"name\":\"Home\",\"item\":\"https:\/\/www.gruber-logistics.com\/de\/\"},{\"@type\":\"ListItem\",\"position\":2,\"name\":\"Information zum Schutz der personenbezogenen Daten (Bewerber)\"}]},{\"@type\":\"WebSite\",\"@id\":\"https:\/\/www.gruber-logistics.com\/de\/#website\",\"url\":\"https:\/\/www.gruber-logistics.com\/de\/\",\"name\":\"GRUBER Logistics S.p.A.\",\"description\":\"Transportunternehmen\",\"publisher\":{\"@id\":\"https:\/\/www.gruber-logistics.com\/de\/#organization\"},\"potentialAction\":[{\"@type\":\"SearchAction\",\"target\":{\"@type\":\"EntryPoint\",\"urlTemplate\":\"https:\/\/www.gruber-logistics.com\/de\/?s={search_term_string}\"},\"query-input\":{\"@type\":\"PropertyValueSpecification\",\"valueRequired\":true,\"valueName\":\"search_term_string\"}}],\"inLanguage\":\"de\"},{\"@type\":\"Organization\",\"@id\":\"https:\/\/www.gruber-logistics.com\/de\/#organization\",\"name\":\"GRUBER Logistics S.p.A.\",\"url\":\"https:\/\/www.gruber-logistics.com\/de\/\",\"logo\":{\"@type\":\"ImageObject\",\"inLanguage\":\"de\",\"@id\":\"https:\/\/www.gruber-logistics.com\/de\/#\/schema\/logo\/image\/\",\"url\":\"https:\/\/www.gruber-logistics.com\/wp-content\/uploads\/2018\/11\/Gruber-logistics-logo-color.png\",\"contentUrl\":\"https:\/\/www.gruber-logistics.com\/wp-content\/uploads\/2018\/11\/Gruber-logistics-logo-color.png\",\"width\":324,\"height\":100,\"caption\":\"GRUBER Logistics S.p.A.\"},\"image\":{\"@id\":\"https:\/\/www.gruber-logistics.com\/de\/#\/schema\/logo\/image\/\"},\"sameAs\":[\"https:\/\/it-it.facebook.com\/gruberlogistics\/\",\"https:\/\/x.com\/GruberLogistics\",\"https:\/\/www.instagram.com\/gruberlogistics\/\",\"https:\/\/it.linkedin.com\/company\/gruber-logistics\",\"https:\/\/www.youtube.com\/channel\/UCdq3OH0UblNUnUETLsSxLog\"]}]}<\/script>\n<!-- \/ Yoast SEO plugin. -->","yoast_head_json":{"title":"Information zum Schutz der personenbezogenen Daten (Bewerber) - GRUBER Logistics S.p.A.","description":"Information zum Schutz der personenbezogenen Daten (Bewerber) - GRUBER Logistics S.p.A.","robots":{"index":"index","follow":"follow","max-snippet":"max-snippet:-1","max-image-preview":"max-image-preview:large","max-video-preview":"max-video-preview:-1"},"canonical":"https:\/\/www.gruber-logistics.com\/de\/information-zum-schutz-der-personenbezogenen-daten-bewerber\/","og_locale":"de_DE","og_type":"article","og_title":"Information zum Schutz der personenbezogenen Daten (Bewerber) - GRUBER Logistics S.p.A.","og_description":"Information zum Schutz der personenbezogenen Daten (Bewerber) - GRUBER Logistics S.p.A.","og_url":"https:\/\/www.gruber-logistics.com\/de\/information-zum-schutz-der-personenbezogenen-daten-bewerber\/","og_site_name":"GRUBER Logistics S.p.A.","article_publisher":"https:\/\/it-it.facebook.com\/gruberlogistics\/","article_modified_time":"2019-03-21T15:32:40+00:00","og_image":[{"width":1920,"height":1357,"url":"https:\/\/www.gruber-logistics.com\/wp-content\/uploads\/2025\/02\/GRUBER_Logistics.jpg","type":"image\/jpeg"}],"twitter_card":"summary_large_image","twitter_site":"@GruberLogistics","twitter_misc":{"Gesch\u00e4tzte Lesezeit":"5\u00a0Minuten"},"schema":{"@context":"https:\/\/schema.org","@graph":[{"@type":"WebPage","@id":"https:\/\/www.gruber-logistics.com\/de\/information-zum-schutz-der-personenbezogenen-daten-bewerber\/","url":"https:\/\/www.gruber-logistics.com\/de\/information-zum-schutz-der-personenbezogenen-daten-bewerber\/","name":"Information zum Schutz der personenbezogenen Daten (Bewerber) - GRUBER Logistics S.p.A.","isPartOf":{"@id":"https:\/\/www.gruber-logistics.com\/de\/#website"},"datePublished":"2019-03-13T10:38:23+00:00","dateModified":"2019-03-21T15:32:40+00:00","description":"Information zum Schutz der personenbezogenen Daten (Bewerber) - GRUBER Logistics S.p.A.","breadcrumb":{"@id":"https:\/\/www.gruber-logistics.com\/de\/information-zum-schutz-der-personenbezogenen-daten-bewerber\/#breadcrumb"},"inLanguage":"de","potentialAction":[{"@type":"ReadAction","target":["https:\/\/www.gruber-logistics.com\/de\/information-zum-schutz-der-personenbezogenen-daten-bewerber\/"]}]},{"@type":"BreadcrumbList","@id":"https:\/\/www.gruber-logistics.com\/de\/information-zum-schutz-der-personenbezogenen-daten-bewerber\/#breadcrumb","itemListElement":[{"@type":"ListItem","position":1,"name":"Home","item":"https:\/\/www.gruber-logistics.com\/de\/"},{"@type":"ListItem","position":2,"name":"Information zum Schutz der personenbezogenen Daten (Bewerber)"}]},{"@type":"WebSite","@id":"https:\/\/www.gruber-logistics.com\/de\/#website","url":"https:\/\/www.gruber-logistics.com\/de\/","name":"GRUBER Logistics S.p.A.","description":"Transportunternehmen","publisher":{"@id":"https:\/\/www.gruber-logistics.com\/de\/#organization"},"potentialAction":[{"@type":"SearchAction","target":{"@type":"EntryPoint","urlTemplate":"https:\/\/www.gruber-logistics.com\/de\/?s={search_term_string}"},"query-input":{"@type":"PropertyValueSpecification","valueRequired":true,"valueName":"search_term_string"}}],"inLanguage":"de"},{"@type":"Organization","@id":"https:\/\/www.gruber-logistics.com\/de\/#organization","name":"GRUBER Logistics S.p.A.","url":"https:\/\/www.gruber-logistics.com\/de\/","logo":{"@type":"ImageObject","inLanguage":"de","@id":"https:\/\/www.gruber-logistics.com\/de\/#\/schema\/logo\/image\/","url":"https:\/\/www.gruber-logistics.com\/wp-content\/uploads\/2018\/11\/Gruber-logistics-logo-color.png","contentUrl":"https:\/\/www.gruber-logistics.com\/wp-content\/uploads\/2018\/11\/Gruber-logistics-logo-color.png","width":324,"height":100,"caption":"GRUBER Logistics S.p.A."},"image":{"@id":"https:\/\/www.gruber-logistics.com\/de\/#\/schema\/logo\/image\/"},"sameAs":["https:\/\/it-it.facebook.com\/gruberlogistics\/","https:\/\/x.com\/GruberLogistics","https:\/\/www.instagram.com\/gruberlogistics\/","https:\/\/it.linkedin.com\/company\/gruber-logistics","https:\/\/www.youtube.com\/channel\/UCdq3OH0UblNUnUETLsSxLog"]}]}},"_links":{"self":[{"href":"https:\/\/www.gruber-logistics.com\/de\/wp-json\/wp\/v2\/pages\/6252","targetHints":{"allow":["GET"]}}],"collection":[{"href":"https:\/\/www.gruber-logistics.com\/de\/wp-json\/wp\/v2\/pages"}],"about":[{"href":"https:\/\/www.gruber-logistics.com\/de\/wp-json\/wp\/v2\/types\/page"}],"author":[{"embeddable":true,"href":"https:\/\/www.gruber-logistics.com\/de\/wp-json\/wp\/v2\/users\/7"}],"replies":[{"embeddable":true,"href":"https:\/\/www.gruber-logistics.com\/de\/wp-json\/wp\/v2\/comments?post=6252"}],"version-history":[{"count":3,"href":"https:\/\/www.gruber-logistics.com\/de\/wp-json\/wp\/v2\/pages\/6252\/revisions"}],"predecessor-version":[{"id":6785,"href":"https:\/\/www.gruber-logistics.com\/de\/wp-json\/wp\/v2\/pages\/6252\/revisions\/6785"}],"wp:attachment":[{"href":"https:\/\/www.gruber-logistics.com\/de\/wp-json\/wp\/v2\/media?parent=6252"}],"curies":[{"name":"wp","href":"https:\/\/api.w.org\/{rel}","templated":true}]}}