{"id":6258,"date":"2018-12-13T15:57:02","date_gmt":"2018-12-13T15:57:02","guid":{"rendered":"https:\/\/www.gruber-logistics.com\/trattamento-dati-personali\/"},"modified":"2019-04-05T09:15:53","modified_gmt":"2019-04-05T09:15:53","slug":"datenschutz","status":"publish","type":"page","link":"https:\/\/www.gruber-logistics.com\/de\/datenschutz\/","title":{"rendered":"Datenschutz"},"content":{"rendered":"[vc_row type=&#8220;full_width_background&#8220; full_screen_row_position=&#8220;middle&#8220; equal_height=&#8220;yes&#8220; content_placement=&#8220;bottom&#8220; bg_image=&#8220;3693&#8243; bg_position=&#8220;center center&#8220; bg_repeat=&#8220;no-repeat&#8220; bg_color=&#8220;#333333&#8243; scene_position=&#8220;center&#8220; text_color=&#8220;light&#8220; text_align=&#8220;left&#8220; top_padding=&#8220;23%&#8220; bottom_padding=&#8220;2%&#8220; color_overlay=&#8220;#161616&#8243; overlay_strength=&#8220;0.5&#8243; shape_divider_position=&#8220;bottom&#8220; bg_image_animation=&#8220;none&#8220; parallax_bg=&#8220;true&#8220; parallax_bg_speed=&#8220;medium&#8220; video_mute=&#8220;true&#8220; shape_type=&#8220;&#8220;][vc_column column_padding=&#8220;no-extra-padding&#8220; column_padding_position=&#8220;all&#8220; background_color_opacity=&#8220;1&#8243; background_hover_color_opacity=&#8220;1&#8243; column_link_target=&#8220;_self&#8220; column_shadow=&#8220;none&#8220; column_border_radius=&#8220;none&#8220; width=&#8220;1\/6&#8243; tablet_width_inherit=&#8220;default&#8220; tablet_text_alignment=&#8220;default&#8220; phone_text_alignment=&#8220;default&#8220; column_border_width=&#8220;none&#8220; column_border_style=&#8220;solid&#8220; bg_image_animation=&#8220;none&#8220;][\/vc_column][vc_column column_padding=&#8220;padding-4-percent&#8220; column_padding_position=&#8220;all&#8220; background_color_opacity=&#8220;1&#8243; background_hover_color_opacity=&#8220;1&#8243; column_link_target=&#8220;_self&#8220; column_shadow=&#8220;none&#8220; column_border_radius=&#8220;none&#8220; width=&#8220;2\/3&#8243; tablet_width_inherit=&#8220;default&#8220; tablet_text_alignment=&#8220;default&#8220; phone_text_alignment=&#8220;default&#8220; column_border_width=&#8220;none&#8220; column_border_style=&#8220;solid&#8220; bg_image_animation=&#8220;none&#8220;][vc_custom_heading text=&#8220;Datenschutz&#8220; font_container=&#8220;tag:h1|text_align:left&#8220; use_theme_fonts=&#8220;yes&#8220;][\/vc_column][vc_column column_padding=&#8220;no-extra-padding&#8220; column_padding_position=&#8220;all&#8220; background_color_opacity=&#8220;1&#8243; background_hover_color_opacity=&#8220;1&#8243; column_link_target=&#8220;_self&#8220; column_shadow=&#8220;none&#8220; column_border_radius=&#8220;none&#8220; width=&#8220;1\/6&#8243; tablet_width_inherit=&#8220;default&#8220; tablet_text_alignment=&#8220;default&#8220; phone_text_alignment=&#8220;default&#8220; column_border_width=&#8220;none&#8220; column_border_style=&#8220;solid&#8220; bg_image_animation=&#8220;none&#8220;][\/vc_column][\/vc_row][vc_row type=&#8220;full_width_content&#8220; full_screen_row_position=&#8220;middle&#8220; equal_height=&#8220;yes&#8220; scene_position=&#8220;center&#8220; text_color=&#8220;dark&#8220; text_align=&#8220;left&#8220; overlay_strength=&#8220;0.3&#8243; shape_divider_position=&#8220;bottom&#8220; bg_image_animation=&#8220;none&#8220; shape_type=&#8220;&#8220;][vc_column centered_text=&#8220;true&#8220; column_padding=&#8220;no-extra-padding&#8220; column_padding_position=&#8220;all&#8220; background_color_opacity=&#8220;0.8&#8243; background_hover_color_opacity=&#8220;1&#8243; font_color=&#8220;#ffffff&#8220; column_link_target=&#8220;_self&#8220; column_shadow=&#8220;none&#8220; column_border_radius=&#8220;none&#8220; width=&#8220;1\/6&#8243; tablet_width_inherit=&#8220;default&#8220; tablet_text_alignment=&#8220;default&#8220; phone_text_alignment=&#8220;default&#8220; column_border_width=&#8220;none&#8220; column_border_style=&#8220;solid&#8220; bg_image_animation=&#8220;none&#8220; offset=&#8220;vc_hidden-sm vc_hidden-xs&#8220;][\/vc_column][vc_column column_padding=&#8220;padding-5-percent&#8220; column_padding_position=&#8220;all&#8220; background_color_opacity=&#8220;1&#8243; background_hover_color_opacity=&#8220;1&#8243; column_link_target=&#8220;_self&#8220; column_shadow=&#8220;none&#8220; column_border_radius=&#8220;none&#8220; width=&#8220;2\/3&#8243; tablet_width_inherit=&#8220;default&#8220; tablet_text_alignment=&#8220;default&#8220; phone_text_alignment=&#8220;default&#8220; column_border_width=&#8220;none&#8220; column_border_style=&#8220;solid&#8220; bg_image_animation=&#8220;none&#8220;][vc_column_text]<strong>PR\u00c4SENTATION DES DATENSCHUTZ-SYSTEMS<\/strong><\/p>\n<p>Bei dem Gruber Datenschutzsystem handelt es sich um ein einheitliches System, das als alleinigen Verantwortlichen die\u00a0 <strong>Gruber Logistics S.p.A. \u2013 Italien<\/strong> hat, und das von allen nachstehend aufgef\u00fchrten Gesellschaften, die zur Gruber Unternehmensgruppe geh\u00f6ren, angewendet wird:<\/p>\n<p>&nbsp;<\/p>\n<p>Gruber Logistics S.p.A. (<strong>Italien<\/strong>)<\/p>\n<p>Gruber Invest Srl <strong>(Italien)<\/strong><\/p>\n<p>GOM GmbH (<strong>\u00d6sterreich<\/strong>)<\/p>\n<p>Gruber Logistics Sprl (<strong>Belgien<\/strong>)<\/p>\n<p>Gruber Immobilienverwaltungs GmbH (<strong>Deutschland<\/strong>)<\/p>\n<p>Gruber Logistics GmbH (<strong>Deutschland<\/strong>)<\/p>\n<p>Gruber Logistics (PAO) GmbH (<strong>Deutschland<\/strong>)<\/p>\n<p>Gruber Montage GmbH (<strong>Deutschland<\/strong>)<\/p>\n<p>World Network Line GmbH (<strong>Deutschland<\/strong>)<\/p>\n<p>Gruber Logistics UAB (<strong>Litauen<\/strong>)<\/p>\n<p>Gruber Logistics B.V. (<strong>Niederlande<\/strong>)<\/p>\n<p>SC Gruber Logistics Srl (<strong>Rum\u00e4nien<\/strong>)<\/p>\n<p>Gruber Logistics s.r.o. (<strong>Slowakei<\/strong>)<\/p>\n<p>&nbsp;<\/p>\n<p><strong>VERANTWORTLICHER F\u00dcR DIE DATENVERARBEITUNG <\/strong><\/p>\n<p><strong>(DATA CONTROLLER)<\/strong><\/p>\n<p><strong>\u00a0<\/strong><\/p>\n<table width=\"0\">\n<tbody>\n<tr>\n<td width=\"158\">Gruber Logistics S.p.A.<\/td>\n<td width=\"295\">privacy@gruber-logistics.com<\/td>\n<td width=\"161\">+39 0471 825500<\/td>\n<\/tr>\n<\/tbody>\n<\/table>\n<p>&nbsp;<\/p>\n<p><strong>RECHTE DER BETROFFENEN PERSON<\/strong><\/p>\n<p>&nbsp;<\/p>\n<p><strong>Auskunftsrecht<\/strong>: Die betroffene Person hat das Recht, vom Verantwortlichen der Datenverarbeitung \u00a0eine Best\u00e4tigung dar\u00fcber, ob sie betreffende personenbezogene Daten verarbeitet werden, sowie einen Auszug der verarbeiteten Daten und alle dazugeh\u00f6rigen Informationen zu verlangen (Art. 15 GDPR).<\/p>\n<p><strong>Recht auf Berichtigung<\/strong>: Die betroffene Person hat das Recht, vom Verantwortlichen unverz\u00fcglich die Berichtigung der sie betreffenden unrichtigen personenbezogenen Daten bzw. die Vervollst\u00e4ndigung unvollst\u00e4ndiger personenbezogener Daten\u00a0zu verlangen (Art. 16 GDPR).<\/p>\n<p><strong>Recht auf L\u00f6schung<\/strong>: Die betroffene Person hat das Recht, von dem Verantwortlichen zu verlangen, dass sie betreffende personenbezogene Daten unverz\u00fcglich gel\u00f6scht werden, sofern diese widerrechtlich verarbeitet werden, insbesondere wenn die unter Art. 17 GDPR aufgef\u00fchrten Gr\u00fcnde vorliegen.<\/p>\n<p><strong>Recht auf Einschr\u00e4nkung der Datenverarbeitung<\/strong>: Die betroffene Person hat das Recht, von dem Verantwortlichen eine Einschr\u00e4nkung der Verarbeitung der sie betreffenden personenbezogenen Daten zu verlangen, sofern die unter Art. 18 GDPR aufgef\u00fchrten Gr\u00fcnde vorliegen.<\/p>\n<p><strong>Recht auf Daten\u00fcbertragbarkeit<\/strong>: Die betroffene Person hat das Recht, die sie betreffenden personenbezogenen Daten in einem standardisierten Format zu erhalten, damit sie ohne Behinderung an einen anderen Verantwortlichen \u00fcbermittelt werden k\u00f6nnen (Art. 20 GDPR)<\/p>\n<p><strong>Widerspruchsrecht<\/strong>: Die betroffene Person hat das Recht, Widerspruch gegen die Verarbeitung der sie betreffenden personenbezogenen Daten einzulegen, sofern die unter Art. 21 GDPR aufgef\u00fchrten Gr\u00fcnde vorliegen.<\/p>\n<p><strong>Schutz der Rechte<\/strong>: Die betroffene Person hat das Recht, bei der von der Republik Italien eingesetzten Aufsichtsbeh\u00f6rde, bzw. alternativ bei einer Aufsichtsbeh\u00f6rde des EU-Landes, in dem sie ans\u00e4ssig ist, Beschwerde einzulegen (Art. 77 GDPR).<\/p>\n<p>&nbsp;<\/p>\n<p><strong>Um die genannten Rechte auszu\u00fcben und um jegliche Information diesbez\u00fcglich zu erhalten, muss sich die betroffene Person direkt an den Verantwortlichen wenden (siehe oben angef\u00fchrte Kontaktdaten).<\/strong>[\/vc_column_text][\/vc_column][vc_column column_padding=&#8220;no-extra-padding&#8220; column_padding_position=&#8220;all&#8220; background_color_opacity=&#8220;1&#8243; background_hover_color_opacity=&#8220;1&#8243; column_link_target=&#8220;_self&#8220; column_shadow=&#8220;none&#8220; column_border_radius=&#8220;none&#8220; width=&#8220;1\/6&#8243; tablet_width_inherit=&#8220;default&#8220; tablet_text_alignment=&#8220;default&#8220; phone_text_alignment=&#8220;default&#8220; column_border_width=&#8220;none&#8220; column_border_style=&#8220;solid&#8220; bg_image_animation=&#8220;none&#8220; offset=&#8220;vc_hidden-sm vc_hidden-xs&#8220;][\/vc_column][\/vc_row]\n","protected":false},"excerpt":{"rendered":"<p>[vc_row type=&#8220;full_width_background&#8220; full_screen_row_position=&#8220;middle&#8220; equal_height=&#8220;yes&#8220; content_placement=&#8220;bottom&#8220; bg_image=&#8220;3693&#8243; bg_position=&#8220;center center&#8220; bg_repeat=&#8220;no-repeat&#8220; bg_color=&#8220;#333333&#8243; scene_position=&#8220;center&#8220; text_color=&#8220;light&#8220; text_align=&#8220;left&#8220; top_padding=&#8220;23%&#8220; bottom_padding=&#8220;2%&#8220; color_overlay=&#8220;#161616&#8243; overlay_strength=&#8220;0.5&#8243; shape_divider_position=&#8220;bottom&#8220; bg_image_animation=&#8220;none&#8220; parallax_bg=&#8220;true&#8220; parallax_bg_speed=&#8220;medium&#8220; video_mute=&#8220;true&#8220; shape_type=&#8220;&#8220;][vc_column column_padding=&#8220;no-extra-padding&#8220; column_padding_position=&#8220;all&#8220;&#8230;<\/p>\n","protected":false},"author":7,"featured_media":0,"parent":0,"menu_order":79,"comment_status":"closed","ping_status":"closed","template":"","meta":{"footnotes":""},"class_list":["post-6258","page","type-page","status-publish"],"yoast_head":"<!-- This site is optimized with the Yoast SEO plugin v24.6 - https:\/\/yoast.com\/wordpress\/plugins\/seo\/ -->\n<title>Datenschutz - GRUBER Logistics S.p.A.<\/title>\n<meta name=\"description\" content=\"Datenschutz - GRUBER Logistics S.p.A.\" \/>\n<meta name=\"robots\" content=\"index, follow, max-snippet:-1, max-image-preview:large, max-video-preview:-1\" \/>\n<link rel=\"canonical\" href=\"https:\/\/www.gruber-logistics.com\/de\/datenschutz\/\" \/>\n<meta property=\"og:locale\" content=\"de_DE\" \/>\n<meta property=\"og:type\" content=\"article\" \/>\n<meta property=\"og:title\" content=\"Datenschutz - GRUBER Logistics S.p.A.\" \/>\n<meta property=\"og:description\" content=\"Datenschutz - GRUBER Logistics S.p.A.\" \/>\n<meta property=\"og:url\" content=\"https:\/\/www.gruber-logistics.com\/de\/datenschutz\/\" \/>\n<meta property=\"og:site_name\" content=\"GRUBER Logistics S.p.A.\" \/>\n<meta property=\"article:publisher\" content=\"https:\/\/it-it.facebook.com\/gruberlogistics\/\" \/>\n<meta property=\"article:modified_time\" content=\"2019-04-05T09:15:53+00:00\" \/>\n<meta property=\"og:image\" content=\"https:\/\/www.gruber-logistics.com\/wp-content\/uploads\/2025\/02\/GRUBER_Logistics.jpg\" \/>\n\t<meta property=\"og:image:width\" content=\"1920\" \/>\n\t<meta property=\"og:image:height\" content=\"1357\" \/>\n\t<meta property=\"og:image:type\" content=\"image\/jpeg\" \/>\n<meta name=\"twitter:card\" content=\"summary_large_image\" \/>\n<meta name=\"twitter:site\" content=\"@GruberLogistics\" \/>\n<meta name=\"twitter:label1\" content=\"Gesch\u00e4tzte Lesezeit\" \/>\n\t<meta name=\"twitter:data1\" content=\"4\u00a0Minuten\" \/>\n<script type=\"application\/ld+json\" class=\"yoast-schema-graph\">{\"@context\":\"https:\/\/schema.org\",\"@graph\":[{\"@type\":\"WebPage\",\"@id\":\"https:\/\/www.gruber-logistics.com\/de\/datenschutz\/\",\"url\":\"https:\/\/www.gruber-logistics.com\/de\/datenschutz\/\",\"name\":\"Datenschutz - GRUBER Logistics S.p.A.\",\"isPartOf\":{\"@id\":\"https:\/\/www.gruber-logistics.com\/de\/#website\"},\"datePublished\":\"2018-12-13T15:57:02+00:00\",\"dateModified\":\"2019-04-05T09:15:53+00:00\",\"description\":\"Datenschutz - GRUBER Logistics S.p.A.\",\"breadcrumb\":{\"@id\":\"https:\/\/www.gruber-logistics.com\/de\/datenschutz\/#breadcrumb\"},\"inLanguage\":\"de\",\"potentialAction\":[{\"@type\":\"ReadAction\",\"target\":[\"https:\/\/www.gruber-logistics.com\/de\/datenschutz\/\"]}]},{\"@type\":\"BreadcrumbList\",\"@id\":\"https:\/\/www.gruber-logistics.com\/de\/datenschutz\/#breadcrumb\",\"itemListElement\":[{\"@type\":\"ListItem\",\"position\":1,\"name\":\"Home\",\"item\":\"https:\/\/www.gruber-logistics.com\/de\/\"},{\"@type\":\"ListItem\",\"position\":2,\"name\":\"Datenschutz\"}]},{\"@type\":\"WebSite\",\"@id\":\"https:\/\/www.gruber-logistics.com\/de\/#website\",\"url\":\"https:\/\/www.gruber-logistics.com\/de\/\",\"name\":\"GRUBER Logistics S.p.A.\",\"description\":\"Transportunternehmen\",\"publisher\":{\"@id\":\"https:\/\/www.gruber-logistics.com\/de\/#organization\"},\"potentialAction\":[{\"@type\":\"SearchAction\",\"target\":{\"@type\":\"EntryPoint\",\"urlTemplate\":\"https:\/\/www.gruber-logistics.com\/de\/?s={search_term_string}\"},\"query-input\":{\"@type\":\"PropertyValueSpecification\",\"valueRequired\":true,\"valueName\":\"search_term_string\"}}],\"inLanguage\":\"de\"},{\"@type\":\"Organization\",\"@id\":\"https:\/\/www.gruber-logistics.com\/de\/#organization\",\"name\":\"GRUBER Logistics S.p.A.\",\"url\":\"https:\/\/www.gruber-logistics.com\/de\/\",\"logo\":{\"@type\":\"ImageObject\",\"inLanguage\":\"de\",\"@id\":\"https:\/\/www.gruber-logistics.com\/de\/#\/schema\/logo\/image\/\",\"url\":\"https:\/\/www.gruber-logistics.com\/wp-content\/uploads\/2018\/11\/Gruber-logistics-logo-color.png\",\"contentUrl\":\"https:\/\/www.gruber-logistics.com\/wp-content\/uploads\/2018\/11\/Gruber-logistics-logo-color.png\",\"width\":324,\"height\":100,\"caption\":\"GRUBER Logistics S.p.A.\"},\"image\":{\"@id\":\"https:\/\/www.gruber-logistics.com\/de\/#\/schema\/logo\/image\/\"},\"sameAs\":[\"https:\/\/it-it.facebook.com\/gruberlogistics\/\",\"https:\/\/x.com\/GruberLogistics\",\"https:\/\/www.instagram.com\/gruberlogistics\/\",\"https:\/\/it.linkedin.com\/company\/gruber-logistics\",\"https:\/\/www.youtube.com\/channel\/UCdq3OH0UblNUnUETLsSxLog\"]}]}<\/script>\n<!-- \/ Yoast SEO plugin. -->","yoast_head_json":{"title":"Datenschutz - GRUBER Logistics S.p.A.","description":"Datenschutz - GRUBER Logistics S.p.A.","robots":{"index":"index","follow":"follow","max-snippet":"max-snippet:-1","max-image-preview":"max-image-preview:large","max-video-preview":"max-video-preview:-1"},"canonical":"https:\/\/www.gruber-logistics.com\/de\/datenschutz\/","og_locale":"de_DE","og_type":"article","og_title":"Datenschutz - GRUBER Logistics S.p.A.","og_description":"Datenschutz - GRUBER Logistics S.p.A.","og_url":"https:\/\/www.gruber-logistics.com\/de\/datenschutz\/","og_site_name":"GRUBER Logistics S.p.A.","article_publisher":"https:\/\/it-it.facebook.com\/gruberlogistics\/","article_modified_time":"2019-04-05T09:15:53+00:00","og_image":[{"width":1920,"height":1357,"url":"https:\/\/www.gruber-logistics.com\/wp-content\/uploads\/2025\/02\/GRUBER_Logistics.jpg","type":"image\/jpeg"}],"twitter_card":"summary_large_image","twitter_site":"@GruberLogistics","twitter_misc":{"Gesch\u00e4tzte Lesezeit":"4\u00a0Minuten"},"schema":{"@context":"https:\/\/schema.org","@graph":[{"@type":"WebPage","@id":"https:\/\/www.gruber-logistics.com\/de\/datenschutz\/","url":"https:\/\/www.gruber-logistics.com\/de\/datenschutz\/","name":"Datenschutz - GRUBER Logistics S.p.A.","isPartOf":{"@id":"https:\/\/www.gruber-logistics.com\/de\/#website"},"datePublished":"2018-12-13T15:57:02+00:00","dateModified":"2019-04-05T09:15:53+00:00","description":"Datenschutz - GRUBER Logistics S.p.A.","breadcrumb":{"@id":"https:\/\/www.gruber-logistics.com\/de\/datenschutz\/#breadcrumb"},"inLanguage":"de","potentialAction":[{"@type":"ReadAction","target":["https:\/\/www.gruber-logistics.com\/de\/datenschutz\/"]}]},{"@type":"BreadcrumbList","@id":"https:\/\/www.gruber-logistics.com\/de\/datenschutz\/#breadcrumb","itemListElement":[{"@type":"ListItem","position":1,"name":"Home","item":"https:\/\/www.gruber-logistics.com\/de\/"},{"@type":"ListItem","position":2,"name":"Datenschutz"}]},{"@type":"WebSite","@id":"https:\/\/www.gruber-logistics.com\/de\/#website","url":"https:\/\/www.gruber-logistics.com\/de\/","name":"GRUBER Logistics S.p.A.","description":"Transportunternehmen","publisher":{"@id":"https:\/\/www.gruber-logistics.com\/de\/#organization"},"potentialAction":[{"@type":"SearchAction","target":{"@type":"EntryPoint","urlTemplate":"https:\/\/www.gruber-logistics.com\/de\/?s={search_term_string}"},"query-input":{"@type":"PropertyValueSpecification","valueRequired":true,"valueName":"search_term_string"}}],"inLanguage":"de"},{"@type":"Organization","@id":"https:\/\/www.gruber-logistics.com\/de\/#organization","name":"GRUBER Logistics S.p.A.","url":"https:\/\/www.gruber-logistics.com\/de\/","logo":{"@type":"ImageObject","inLanguage":"de","@id":"https:\/\/www.gruber-logistics.com\/de\/#\/schema\/logo\/image\/","url":"https:\/\/www.gruber-logistics.com\/wp-content\/uploads\/2018\/11\/Gruber-logistics-logo-color.png","contentUrl":"https:\/\/www.gruber-logistics.com\/wp-content\/uploads\/2018\/11\/Gruber-logistics-logo-color.png","width":324,"height":100,"caption":"GRUBER Logistics S.p.A."},"image":{"@id":"https:\/\/www.gruber-logistics.com\/de\/#\/schema\/logo\/image\/"},"sameAs":["https:\/\/it-it.facebook.com\/gruberlogistics\/","https:\/\/x.com\/GruberLogistics","https:\/\/www.instagram.com\/gruberlogistics\/","https:\/\/it.linkedin.com\/company\/gruber-logistics","https:\/\/www.youtube.com\/channel\/UCdq3OH0UblNUnUETLsSxLog"]}]}},"_links":{"self":[{"href":"https:\/\/www.gruber-logistics.com\/de\/wp-json\/wp\/v2\/pages\/6258","targetHints":{"allow":["GET"]}}],"collection":[{"href":"https:\/\/www.gruber-logistics.com\/de\/wp-json\/wp\/v2\/pages"}],"about":[{"href":"https:\/\/www.gruber-logistics.com\/de\/wp-json\/wp\/v2\/types\/page"}],"author":[{"embeddable":true,"href":"https:\/\/www.gruber-logistics.com\/de\/wp-json\/wp\/v2\/users\/7"}],"replies":[{"embeddable":true,"href":"https:\/\/www.gruber-logistics.com\/de\/wp-json\/wp\/v2\/comments?post=6258"}],"version-history":[{"count":4,"href":"https:\/\/www.gruber-logistics.com\/de\/wp-json\/wp\/v2\/pages\/6258\/revisions"}],"predecessor-version":[{"id":7191,"href":"https:\/\/www.gruber-logistics.com\/de\/wp-json\/wp\/v2\/pages\/6258\/revisions\/7191"}],"wp:attachment":[{"href":"https:\/\/www.gruber-logistics.com\/de\/wp-json\/wp\/v2\/media?parent=6258"}],"curies":[{"name":"wp","href":"https:\/\/api.w.org\/{rel}","templated":true}]}}